{"id":8292,"date":"2024-10-23T17:07:46","date_gmt":"2024-10-23T15:07:46","guid":{"rendered":"https:\/\/zoe4life.org\/?page_id=8292"},"modified":"2024-11-27T16:19:13","modified_gmt":"2024-11-27T15:19:13","slug":"terms-and-conditions-club-des-zamis","status":"publish","type":"page","link":"https:\/\/zoe4life.org\/en\/terms-and-conditions-club-des-zamis\/","title":{"rendered":"Terms and conditions Club des Z'amis de Zo\u00e94life"},"content":{"rendered":"<div data-elementor-type=\"wp-page\" data-elementor-id=\"8292\" class=\"elementor elementor-8292\" data-elementor-post-type=\"page\">\n\t\t\t\t<div class=\"elementor-element elementor-element-65e5392 e-flex e-con-boxed e-con e-parent\" data-id=\"65e5392\" data-element_type=\"container\">\n\t\t\t\t\t<div class=\"e-con-inner\">\n\t\t<div class=\"elementor-element elementor-element-1b604a8 e-con-full e-flex e-con e-child\" data-id=\"1b604a8\" data-element_type=\"container\">\n\t\t\t\t<div class=\"elementor-element elementor-element-d56b8f3 elementor-widget-laptop__width-initial elementor-widget elementor-widget-heading\" data-id=\"d56b8f3\" data-element_type=\"widget\" data-widget_type=\"heading.default\">\n\t\t\t\t<div class=\"elementor-widget-container\">\n\t\t\t\t\t<h1 class=\"elementor-heading-title elementor-size-default\">Terms and conditions of Zo\u00e94life's Z'amis club membership<\/h1>\t\t\t\t<\/div>\n\t\t\t\t<\/div>\n\t\t\t\t<\/div>\n\t\t<div class=\"elementor-element elementor-element-9f6481a e-con-full e-flex e-con e-child\" data-id=\"9f6481a\" data-element_type=\"container\">\n\t\t\t\t<div class=\"elementor-element elementor-element-b8b73c4 elementor-widget elementor-widget-image\" data-id=\"b8b73c4\" data-element_type=\"widget\" data-widget_type=\"image.default\">\n\t\t\t\t<div class=\"elementor-widget-container\">\n\t\t\t\t\t\t\t\t\t\t\t\t\t\t\t<img fetchpriority=\"high\" decoding=\"async\" width=\"300\" height=\"224\" src=\"https:\/\/zoe4life.org\/wp-content\/uploads\/2024\/10\/Zoe4Life_ClubDesZamis_Mockup-1-300x224.png\" class=\"attachment-medium size-medium wp-image-8182\" alt=\"\" srcset=\"https:\/\/zoe4life.org\/wp-content\/uploads\/2024\/10\/Zoe4Life_ClubDesZamis_Mockup-1-300x224.png 300w, https:\/\/zoe4life.org\/wp-content\/uploads\/2024\/10\/Zoe4Life_ClubDesZamis_Mockup-1-768x573.png 768w, https:\/\/zoe4life.org\/wp-content\/uploads\/2024\/10\/Zoe4Life_ClubDesZamis_Mockup-1-16x12.png 16w, https:\/\/zoe4life.org\/wp-content\/uploads\/2024\/10\/Zoe4Life_ClubDesZamis_Mockup-1.png 800w\" sizes=\"(max-width: 300px) 100vw, 300px\" \/>\t\t\t\t\t\t\t\t\t\t\t\t\t\t\t<\/div>\n\t\t\t\t<\/div>\n\t\t\t\t<\/div>\n\t\t\t\t\t<\/div>\n\t\t\t\t<\/div>\n\t\t<div class=\"elementor-element elementor-element-91c21f4 e-flex e-con-boxed e-con e-parent\" data-id=\"91c21f4\" data-element_type=\"container\">\n\t\t\t\t\t<div class=\"e-con-inner\">\n\t\t<div class=\"elementor-element elementor-element-f0b1cc8 e-flex e-con-boxed e-con e-child\" data-id=\"f0b1cc8\" data-element_type=\"container\">\n\t\t\t\t\t<div class=\"e-con-inner\">\n\t\t\t\t<div class=\"elementor-element elementor-element-4d72378 elementor-widget elementor-widget-text-editor\" data-id=\"4d72378\" data-element_type=\"widget\" data-widget_type=\"text-editor.default\">\n\t\t\t\t<div class=\"elementor-widget-container\">\n\t\t\t\t\t\t\t\t\t<p><span style=\"color: #013171;\"><strong>Article 1: Purpose<\/strong><\/span><\/p>\n<p><span style=\"color: #013171;\">The present terms and conditions define the terms and conditions of membership of the Club des Z'amis de Zo\u00e94life, hereinafter referred to as \"the Club\".<\/span><\/p>\n<p><span style=\"color: #013171;\"><strong>Article 2: Membership<\/strong><\/span><\/p>\n<ol>\n<li><span style=\"color: #013171;\">Membership is open to anyone over the age of 16 who is sympathetic to the cause we are defending.<\/span><\/li>\n<li><span style=\"color: #013171;\">To become a member, each person must complete <a style=\"color: #013171;\" href=\"https:\/\/forms.gle\/acdLKMVmCq7oR4rY9\">a membership form<\/a> and pay the annual membership fee of CHF 120.<\/span><\/li>\n<\/ol><div><font color=\"#013171\"><br><\/font><\/div>\n<p><span style=\"color: #013171;\"><strong>Article 3: Membership fees<\/strong><\/span><\/p>\n<ol>\n<li><span style=\"color: #013171;\">The annual membership fee is set each year by the General Meeting.<\/span><\/li>\n<li><span style=\"color: #013171;\">Premiums must be paid within 30 days of joining.<\/span><\/li>\n<li><span style=\"color: #013171;\">A payment link is sent by November 30 of each year to renew membership for the following year, payable by December 31.<\/span><\/li>\n<li><span style=\"color: #013171;\">If you join during the year, the membership fee remains the same.<\/span><\/li>\n<\/ol><div><font color=\"#013171\"><br><\/font><\/div>\n<p><span style=\"color: #013171;\"><strong>Article 4: Members' rights and obligations<\/strong><\/span><\/p>\n<ol>\n<li><span style=\"color: #013171;\">Members must inform Zo\u00e94life of any change of address or contact details.<\/span><\/li>\n<li><span style=\"color: #013171;\">Members can take advantage of the card benefits listed on the Club des Z'amis website.<\/span><\/li>\n<li><span style=\"color: #013171;\">The membership fee is tax-deductible. After payment of the membership fee, each member receives a donation certificate.&nbsp;<\/span><\/li>\n<\/ol><div><font color=\"#013171\"><br><\/font><\/div>\n<p><span style=\"color: #013171;\"><strong>Article 5: Termination of Membership<\/strong><\/span><\/p>\n<ol>\n<li><span style=\"color: #013171;\">Membership may be terminated at any time, in writing, without notice.<\/span><\/li>\n<li><span style=\"color: #013171;\">No refunds will be given.<\/span><\/li>\n<li><span style=\"color: #013171;\"><span style=\"color: #013171;\">Zo\u00e94life reserves the right to expel a member in the event of behavior contrary to its values, disrespect towards its partners or non-payment of membership fees.<\/span><\/span><\/li>\n<\/ol><div><font color=\"#013171\"><br><\/font><\/div>\n<p><span style=\"color: #013171;\"><strong>Article 6: Data protection<\/strong><\/span><\/p>\n<p><span style=\"color: #013171;\">Personal information collected at the time of membership is processed in accordance with current data protection legislation. It is intended for the management of Club members and will not be communicated to third parties without prior consent.<\/span><\/p>\n<p><span style=\"color: #013171;\"><strong>Article 7: Modifications to the General Terms and Conditions<\/strong><\/span><\/p>\n<p><span style=\"color: #013171;\">Zo\u00e94life reserves the right to modify the present terms and conditions. Members will be informed of any modification by e-mail.<\/span><\/p>\n<p><span style=\"color: #013171;\"><strong>Article 8: Disputes<\/strong><\/span><\/p>\n<p><span style=\"color: #013171;\">Any dispute relating to membership of the Club will be subject to the jurisdiction of the courts of the registered office of Zo\u00e94life.<\/span><\/p>\n<p style=\"text-align: right;\"><span style=\"color: #013171;\">Zo\u00e94life - November 2024<\/span><\/p>\t\t\t\t\t\t\t\t<\/div>\n\t\t\t\t<\/div>\n\t\t\t\t\t<\/div>\n\t\t\t\t<\/div>\n\t\t\t\t\t<\/div>\n\t\t\t\t<\/div>\n\t\t\t\t<\/div>","protected":false},"excerpt":{"rendered":"<p>General terms and conditions of membership of the Club des Z'amis de Zo\u00e94life Article 1: Purpose These general terms and conditions define the terms and conditions of membership of the Club des Z'amis de Zo\u00e94life, hereinafter referred to as \"the Club\". Article 2: Membership Membership is open to anyone who is aware of the cause we are defending and is at least 16 years old [...].<\/p>","protected":false},"author":2,"featured_media":8374,"parent":0,"menu_order":0,"comment_status":"closed","ping_status":"closed","template":"","meta":{"_acf_changed":false,"footnotes":""},"class_list":["post-8292","page","type-page","status-publish","has-post-thumbnail","hentry"],"acf":[],"yoast_head":"<!-- This site is optimized with the Yoast SEO plugin v26.6 - https:\/\/yoast.com\/wordpress\/plugins\/seo\/ -->\n<title>Zo\u00e94life - Conditions g\u00e9n\u00e9rales Club des Z&#039;amis<\/title>\n<meta name=\"description\" content=\"D\u00e9couvrez les conditions g\u00e9n\u00e9rales d&#039;adh\u00e9sion au Club des Z&#039;amis. Vous aussi rejoignez le club et faites une diff\u00e9rence.\" \/>\n<meta name=\"robots\" content=\"index, follow, max-snippet:-1, max-image-preview:large, max-video-preview:-1\" \/>\n<link rel=\"canonical\" href=\"https:\/\/zoe4life.org\/en\/terms-and-conditions-club-des-zamis\/\" \/>\n<meta property=\"og:locale\" content=\"en_US\" \/>\n<meta property=\"og:type\" content=\"article\" \/>\n<meta property=\"og:title\" content=\"Conditions g\u00e9n\u00e9rales Club des Z&#039;amis\" \/>\n<meta property=\"og:description\" content=\"D\u00e9couvrez les conditions g\u00e9n\u00e9rales d&#039;adh\u00e9sion au Club des Z&#039;amis\" \/>\n<meta property=\"og:url\" content=\"https:\/\/zoe4life.org\/en\/terms-and-conditions-club-des-zamis\/\" \/>\n<meta property=\"og:site_name\" content=\"Zo\u00e94life\" \/>\n<meta property=\"article:publisher\" content=\"https:\/\/www.facebook.com\/zoe4lifeCH\" \/>\n<meta property=\"article:modified_time\" content=\"2024-11-27T15:19:13+00:00\" \/>\n<meta property=\"og:image\" content=\"https:\/\/zoe4life.org\/wp-content\/uploads\/2024\/10\/Mopckup-Card-ClubdesZamis.png\" \/>\n\t<meta property=\"og:image:width\" content=\"800\" \/>\n\t<meta property=\"og:image:height\" content=\"597\" \/>\n\t<meta property=\"og:image:type\" content=\"image\/png\" \/>\n<meta name=\"twitter:card\" content=\"summary_large_image\" \/>\n<meta name=\"twitter:site\" content=\"@zoe44life\" \/>\n<meta name=\"twitter:label1\" content=\"Est. reading time\" \/>\n\t<meta name=\"twitter:data1\" content=\"3 minutes\" \/>\n<script type=\"application\/ld+json\" class=\"yoast-schema-graph\">{\"@context\":\"https:\/\/schema.org\",\"@graph\":[{\"@type\":\"WebPage\",\"@id\":\"https:\/\/zoe4life.org\/conditions-generales-club-des-zamis\/\",\"url\":\"https:\/\/zoe4life.org\/conditions-generales-club-des-zamis\/\",\"name\":\"Zo\u00e94life - Conditions g\u00e9n\u00e9rales Club des Z'amis\",\"isPartOf\":{\"@id\":\"https:\/\/zoe4life.org\/#website\"},\"primaryImageOfPage\":{\"@id\":\"https:\/\/zoe4life.org\/conditions-generales-club-des-zamis\/#primaryimage\"},\"image\":{\"@id\":\"https:\/\/zoe4life.org\/conditions-generales-club-des-zamis\/#primaryimage\"},\"thumbnailUrl\":\"https:\/\/zoe4life.org\/wp-content\/uploads\/2024\/10\/Mopckup-Card-ClubdesZamis.png\",\"datePublished\":\"2024-10-23T15:07:46+00:00\",\"dateModified\":\"2024-11-27T15:19:13+00:00\",\"description\":\"D\u00e9couvrez les conditions g\u00e9n\u00e9rales d'adh\u00e9sion au Club des Z'amis. Vous aussi rejoignez le club et faites une diff\u00e9rence.\",\"breadcrumb\":{\"@id\":\"https:\/\/zoe4life.org\/conditions-generales-club-des-zamis\/#breadcrumb\"},\"inLanguage\":\"en-US\",\"potentialAction\":[{\"@type\":\"ReadAction\",\"target\":[\"https:\/\/zoe4life.org\/conditions-generales-club-des-zamis\/\"]}]},{\"@type\":\"ImageObject\",\"inLanguage\":\"en-US\",\"@id\":\"https:\/\/zoe4life.org\/conditions-generales-club-des-zamis\/#primaryimage\",\"url\":\"https:\/\/zoe4life.org\/wp-content\/uploads\/2024\/10\/Mopckup-Card-ClubdesZamis.png\",\"contentUrl\":\"https:\/\/zoe4life.org\/wp-content\/uploads\/2024\/10\/Mopckup-Card-ClubdesZamis.png\",\"width\":800,\"height\":597},{\"@type\":\"BreadcrumbList\",\"@id\":\"https:\/\/zoe4life.org\/conditions-generales-club-des-zamis\/#breadcrumb\",\"itemListElement\":[{\"@type\":\"ListItem\",\"position\":1,\"name\":\"Accueil\",\"item\":\"https:\/\/zoe4life.org\/\"},{\"@type\":\"ListItem\",\"position\":2,\"name\":\"Conditions g\u00e9n\u00e9rales Club des Z&#8217;amis de Zo\u00e94life\"}]},{\"@type\":\"WebSite\",\"@id\":\"https:\/\/zoe4life.org\/#website\",\"url\":\"https:\/\/zoe4life.org\/\",\"name\":\"Zo\u00e94Life\",\"description\":\"Ensemble contre le cancer de l&#039;enfant avec l&#039;association Zo\u00e94life\",\"publisher\":{\"@id\":\"https:\/\/zoe4life.org\/#organization\"},\"potentialAction\":[{\"@type\":\"SearchAction\",\"target\":{\"@type\":\"EntryPoint\",\"urlTemplate\":\"https:\/\/zoe4life.org\/?s={search_term_string}\"},\"query-input\":{\"@type\":\"PropertyValueSpecification\",\"valueRequired\":true,\"valueName\":\"search_term_string\"}}],\"inLanguage\":\"en-US\"},{\"@type\":\"Organization\",\"@id\":\"https:\/\/zoe4life.org\/#organization\",\"name\":\"Zo\u00e94Life\",\"url\":\"https:\/\/zoe4life.org\/\",\"logo\":{\"@type\":\"ImageObject\",\"inLanguage\":\"en-US\",\"@id\":\"https:\/\/zoe4life.org\/#\/schema\/logo\/image\/\",\"url\":\"https:\/\/zoe4life.org\/wp-content\/uploads\/2023\/08\/logo-full-zoe4life.png\",\"contentUrl\":\"https:\/\/zoe4life.org\/wp-content\/uploads\/2023\/08\/logo-full-zoe4life.png\",\"width\":600,\"height\":668,\"caption\":\"Zo\u00e94Life\"},\"image\":{\"@id\":\"https:\/\/zoe4life.org\/#\/schema\/logo\/image\/\"},\"sameAs\":[\"https:\/\/www.facebook.com\/zoe4lifeCH\",\"https:\/\/x.com\/zoe44life\",\"https:\/\/instagram.com\/zoe_4_life\/\",\"https:\/\/www.linkedin.com\/company\/zoe4life\",\"https:\/\/www.youtube.com\/channel\/UC5nG2HheLJVOlz4c3K30XRA\",\"https:\/\/www.pinterest.ch\/zo4life\/\"]}]}<\/script>\n<!-- \/ Yoast SEO plugin. -->","yoast_head_json":{"title":"Zo\u00e94life - Terms and conditions Club des Z'amis","description":"Discover the terms and conditions of Club des Z'amis membership. Join the club and make a difference.","robots":{"index":"index","follow":"follow","max-snippet":"max-snippet:-1","max-image-preview":"max-image-preview:large","max-video-preview":"max-video-preview:-1"},"canonical":"https:\/\/zoe4life.org\/en\/terms-and-conditions-club-des-zamis\/","og_locale":"en_US","og_type":"article","og_title":"Conditions g\u00e9n\u00e9rales Club des Z'amis","og_description":"D\u00e9couvrez les conditions g\u00e9n\u00e9rales d'adh\u00e9sion au Club des Z'amis","og_url":"https:\/\/zoe4life.org\/en\/terms-and-conditions-club-des-zamis\/","og_site_name":"Zo\u00e94life","article_publisher":"https:\/\/www.facebook.com\/zoe4lifeCH","article_modified_time":"2024-11-27T15:19:13+00:00","og_image":[{"width":800,"height":597,"url":"https:\/\/zoe4life.org\/wp-content\/uploads\/2024\/10\/Mopckup-Card-ClubdesZamis.png","type":"image\/png"}],"twitter_card":"summary_large_image","twitter_site":"@zoe44life","twitter_misc":{"Est. reading time":"3 minutes"},"schema":{"@context":"https:\/\/schema.org","@graph":[{"@type":"WebPage","@id":"https:\/\/zoe4life.org\/conditions-generales-club-des-zamis\/","url":"https:\/\/zoe4life.org\/conditions-generales-club-des-zamis\/","name":"Zo\u00e94life - Terms and conditions Club des Z'amis","isPartOf":{"@id":"https:\/\/zoe4life.org\/#website"},"primaryImageOfPage":{"@id":"https:\/\/zoe4life.org\/conditions-generales-club-des-zamis\/#primaryimage"},"image":{"@id":"https:\/\/zoe4life.org\/conditions-generales-club-des-zamis\/#primaryimage"},"thumbnailUrl":"https:\/\/zoe4life.org\/wp-content\/uploads\/2024\/10\/Mopckup-Card-ClubdesZamis.png","datePublished":"2024-10-23T15:07:46+00:00","dateModified":"2024-11-27T15:19:13+00:00","description":"Discover the terms and conditions of Club des Z'amis membership. Join the club and make a difference.","breadcrumb":{"@id":"https:\/\/zoe4life.org\/conditions-generales-club-des-zamis\/#breadcrumb"},"inLanguage":"en-US","potentialAction":[{"@type":"ReadAction","target":["https:\/\/zoe4life.org\/conditions-generales-club-des-zamis\/"]}]},{"@type":"ImageObject","inLanguage":"en-US","@id":"https:\/\/zoe4life.org\/conditions-generales-club-des-zamis\/#primaryimage","url":"https:\/\/zoe4life.org\/wp-content\/uploads\/2024\/10\/Mopckup-Card-ClubdesZamis.png","contentUrl":"https:\/\/zoe4life.org\/wp-content\/uploads\/2024\/10\/Mopckup-Card-ClubdesZamis.png","width":800,"height":597},{"@type":"BreadcrumbList","@id":"https:\/\/zoe4life.org\/conditions-generales-club-des-zamis\/#breadcrumb","itemListElement":[{"@type":"ListItem","position":1,"name":"Accueil","item":"https:\/\/zoe4life.org\/"},{"@type":"ListItem","position":2,"name":"Conditions g\u00e9n\u00e9rales Club des Z&#8217;amis de Zo\u00e94life"}]},{"@type":"WebSite","@id":"https:\/\/zoe4life.org\/#website","url":"https:\/\/zoe4life.org\/","name":"Zo\u00e94Life","description":"Ensemble contre le cancer de l&#039;enfant avec l&#039;association Zo\u00e94life","publisher":{"@id":"https:\/\/zoe4life.org\/#organization"},"potentialAction":[{"@type":"SearchAction","target":{"@type":"EntryPoint","urlTemplate":"https:\/\/zoe4life.org\/?s={search_term_string}"},"query-input":{"@type":"PropertyValueSpecification","valueRequired":true,"valueName":"search_term_string"}}],"inLanguage":"en-US"},{"@type":"Organization","@id":"https:\/\/zoe4life.org\/#organization","name":"Zo\u00e94Life","url":"https:\/\/zoe4life.org\/","logo":{"@type":"ImageObject","inLanguage":"en-US","@id":"https:\/\/zoe4life.org\/#\/schema\/logo\/image\/","url":"https:\/\/zoe4life.org\/wp-content\/uploads\/2023\/08\/logo-full-zoe4life.png","contentUrl":"https:\/\/zoe4life.org\/wp-content\/uploads\/2023\/08\/logo-full-zoe4life.png","width":600,"height":668,"caption":"Zo\u00e94Life"},"image":{"@id":"https:\/\/zoe4life.org\/#\/schema\/logo\/image\/"},"sameAs":["https:\/\/www.facebook.com\/zoe4lifeCH","https:\/\/x.com\/zoe44life","https:\/\/instagram.com\/zoe_4_life\/","https:\/\/www.linkedin.com\/company\/zoe4life","https:\/\/www.youtube.com\/channel\/UC5nG2HheLJVOlz4c3K30XRA","https:\/\/www.pinterest.ch\/zo4life\/"]}]}},"post_mailing_queue_ids":[],"_links":{"self":[{"href":"https:\/\/zoe4life.org\/en\/wp-json\/wp\/v2\/pages\/8292","targetHints":{"allow":["GET"]}}],"collection":[{"href":"https:\/\/zoe4life.org\/en\/wp-json\/wp\/v2\/pages"}],"about":[{"href":"https:\/\/zoe4life.org\/en\/wp-json\/wp\/v2\/types\/page"}],"author":[{"embeddable":true,"href":"https:\/\/zoe4life.org\/en\/wp-json\/wp\/v2\/users\/2"}],"replies":[{"embeddable":true,"href":"https:\/\/zoe4life.org\/en\/wp-json\/wp\/v2\/comments?post=8292"}],"version-history":[{"count":56,"href":"https:\/\/zoe4life.org\/en\/wp-json\/wp\/v2\/pages\/8292\/revisions"}],"predecessor-version":[{"id":8934,"href":"https:\/\/zoe4life.org\/en\/wp-json\/wp\/v2\/pages\/8292\/revisions\/8934"}],"wp:featuredmedia":[{"embeddable":true,"href":"https:\/\/zoe4life.org\/en\/wp-json\/wp\/v2\/media\/8374"}],"wp:attachment":[{"href":"https:\/\/zoe4life.org\/en\/wp-json\/wp\/v2\/media?parent=8292"}],"curies":[{"name":"wp","href":"https:\/\/api.w.org\/{rel}","templated":true}]}}