{"id":6964,"date":"2024-04-25T09:35:40","date_gmt":"2024-04-25T07:35:40","guid":{"rendered":"https:\/\/zoe4life.org\/?page_id=6964"},"modified":"2026-03-31T17:20:08","modified_gmt":"2026-03-31T15:20:08","slug":"runday4life-team-form","status":"publish","type":"page","link":"https:\/\/zoe4life.org\/en\/runday4life-team-form\/","title":{"rendered":"RunDay4life team form"},"content":{"rendered":"<div data-elementor-type=\"wp-page\" data-elementor-id=\"6964\" class=\"elementor elementor-6964\" data-elementor-post-type=\"page\">\n\t\t\t\t<div class=\"elementor-element elementor-element-4e23d88 e-flex e-con-boxed e-con e-parent\" data-id=\"4e23d88\" data-element_type=\"container\">\n\t\t\t\t\t<div class=\"e-con-inner\">\n\t\t\t\t<div class=\"elementor-element elementor-element-b29c4c9 elementor-widget elementor-widget-spacer\" data-id=\"b29c4c9\" data-element_type=\"widget\" data-widget_type=\"spacer.default\">\n\t\t\t\t<div class=\"elementor-widget-container\">\n\t\t\t\t\t\t\t<div class=\"elementor-spacer\">\n\t\t\t<div class=\"elementor-spacer-inner\"><\/div>\n\t\t<\/div>\n\t\t\t\t\t\t<\/div>\n\t\t\t\t<\/div>\n\t\t\t\t\t<\/div>\n\t\t\t\t<\/div>\n\t\t<div class=\"elementor-element elementor-element-420134e e-flex e-con-boxed e-con e-parent\" data-id=\"420134e\" data-element_type=\"container\">\n\t\t\t\t\t<div class=\"e-con-inner\">\n\t\t<div class=\"elementor-element elementor-element-a5855b7 e-con-full e-flex e-con e-child\" data-id=\"a5855b7\" data-element_type=\"container\">\n\t\t\t\t<div class=\"elementor-element elementor-element-e9ffb70 elementor-widget-laptop__width-initial elementor-widget__width-initial elementor-widget elementor-widget-image\" data-id=\"e9ffb70\" data-element_type=\"widget\" data-widget_type=\"image.default\">\n\t\t\t\t<div class=\"elementor-widget-container\">\n\t\t\t\t\t\t\t\t\t\t\t\t\t\t\t<img fetchpriority=\"high\" decoding=\"async\" width=\"2000\" height=\"1410\" src=\"https:\/\/zoe4life.org\/wp-content\/uploads\/2026\/03\/Run-Day4life.png\" class=\"attachment-2048x2048 size-2048x2048 wp-image-12502\" alt=\"\" srcset=\"https:\/\/zoe4life.org\/wp-content\/uploads\/2026\/03\/Run-Day4life.png 2000w, https:\/\/zoe4life.org\/wp-content\/uploads\/2026\/03\/Run-Day4life-300x212.png 300w, https:\/\/zoe4life.org\/wp-content\/uploads\/2026\/03\/Run-Day4life-1024x722.png 1024w, https:\/\/zoe4life.org\/wp-content\/uploads\/2026\/03\/Run-Day4life-768x541.png 768w, https:\/\/zoe4life.org\/wp-content\/uploads\/2026\/03\/Run-Day4life-1536x1083.png 1536w, https:\/\/zoe4life.org\/wp-content\/uploads\/2026\/03\/Run-Day4life-18x12.png 18w\" sizes=\"(max-width: 2000px) 100vw, 2000px\" \/>\t\t\t\t\t\t\t\t\t\t\t\t\t\t\t<\/div>\n\t\t\t\t<\/div>\n\t\t\t\t<\/div>\n\t\t<div class=\"elementor-element elementor-element-90a4a35 e-con-full e-flex e-con e-child\" data-id=\"90a4a35\" data-element_type=\"container\">\n\t\t\t\t<div class=\"elementor-element elementor-element-9a6ce83 elementor-widget elementor-widget-heading\" data-id=\"9a6ce83\" data-element_type=\"widget\" data-widget_type=\"heading.default\">\n\t\t\t\t<div class=\"elementor-widget-container\">\n\t\t\t\t\t<h2 class=\"elementor-heading-title elementor-size-default\">Merci pour votre engagement ! <\/h2>\t\t\t\t<\/div>\n\t\t\t\t<\/div>\n\t\t\t\t<\/div>\n\t\t\t\t\t<\/div>\n\t\t\t\t<\/div>\n\t\t<div class=\"elementor-element elementor-element-8606f15 e-flex e-con-boxed e-con e-parent\" data-id=\"8606f15\" data-element_type=\"container\">\n\t\t\t\t\t<div class=\"e-con-inner\">\n\t\t<div class=\"elementor-element elementor-element-d7f10ed e-flex e-con-boxed e-con e-child\" data-id=\"d7f10ed\" data-element_type=\"container\">\n\t\t\t\t\t<div class=\"e-con-inner\">\n\t\t\t\t<div class=\"elementor-element elementor-element-499b821 elementor-widget elementor-widget-text-editor\" data-id=\"499b821\" data-element_type=\"widget\" data-widget_type=\"text-editor.default\">\n\t\t\t\t<div class=\"elementor-widget-container\">\n\t\t\t\t\t\t\t\t\t<p><strong>Cr\u00e9ation de ma collecte :<\/strong><\/p><p data-start=\"463\" data-end=\"599\">C\u2019est simple et rapide !<\/p><ul><li data-start=\"879\" data-end=\"986\"><strong data-start=\"879\" data-end=\"986\">Compl\u00e9tez les informations ci-dessous<\/strong><\/li><li data-start=\"879\" data-end=\"986\"><strong data-start=\"879\" data-end=\"986\">Recevez un mail de confirmation avec le lien de collecte<\/strong><\/li><li data-start=\"879\" data-end=\"986\"><strong data-start=\"879\" data-end=\"986\">Partagez le avec votre entourage pour r\u00e9colter des dons<\/strong><\/li><\/ul><p>\u00a0<\/p><p>Chaque franc compte et, ensemble, les petits gestes peuvent faire une grande diff\u00e9rence.<\/p><p data-start=\"1078\" data-end=\"1155\"><strong>Votre collecte peut \u00eatre personnelle ou en groupe (amis, famille, coll\u00e8gues).<\/strong><\/p>\t\t\t\t\t\t\t\t<\/div>\n\t\t\t\t<\/div>\n\t\t\t\t\t<\/div>\n\t\t\t\t<\/div>\n\t\t\t\t\t<\/div>\n\t\t\t\t<\/div>\n\t\t<div class=\"elementor-element elementor-element-1fce439 e-flex e-con-boxed e-con e-parent\" data-id=\"1fce439\" data-element_type=\"container\">\n\t\t\t\t\t<div class=\"e-con-inner\">\n\t\t\t\t<div class=\"elementor-element elementor-element-5d17028 acf_form_container elementor-widget elementor-widget-shortcode\" data-id=\"5d17028\" data-element_type=\"widget\" data-widget_type=\"shortcode.default\">\n\t\t\t\t<div class=\"elementor-widget-container\">\n\t\t\t\t\t\t\t\t\t<form id=\"acf-form\" class=\"acf-form\" action=\"\" method=\"post\" data-trp-original-action=\"\">\n\t\t\t\t\t<div id=\"acf-form-data\" class=\"acf-hidden\">\n\t\t<input type=\"hidden\" id=\"_acf_screen\" name=\"_acf_screen\" value=\"acf_form\"\/><input type=\"hidden\" id=\"_acf_post_id\" name=\"_acf_post_id\" value=\"new_post\"\/><input type=\"hidden\" id=\"_acf_validation\" name=\"_acf_validation\" value=\"1\"\/><input type=\"hidden\" id=\"_acf_form\" name=\"_acf_form\" value=\"MFQ3QzZsRGJ1aGdCM2MyY1c0UGkwcW85TXY1TnRjUWpYNURCa2d3SGFOV2RISlN4aGlwOVQ4dlVjMU9QZWZOdFZTSndJelpXYVozRmRvUmpXNnVZUHdjcFdCYzcvVVRlU1hvdEpkSUtrNVBZTzMyeWZZMVJhVkN3b3NESStYZEFFbjRGaXh0cDU0eStFQ1NuQzVBY01QNUxtdCsyOGFmNXZIV3JwZldJenhNMHhvbU9YWUdtY3VJL1kxb2NiOUlJbE5ZRHRnM2lxeWNxT0dsUWtIRE1ib0lYSE9EdHJ4QjU2OUw2SjBKR09jYXJLbGkvZHZhd3FmZnZENlVGc2dSYzN4eHhHalNycklyaHYvSjNMQ2c3WHFyWFlBZ1o2cGJzRXk4WjFSUW5HUHQvVnJIUVgwcWlXYzdnNkRhTmxyZVBLYkI4cndCckVJN1hZdkwzM3dTM29EY1VGdHpSQXVvT29rTFlTa1J1YW9mVmd5VGlSaDh0K3V1TEFWcmlEUTE5QXlNUEFBYWpIajVSQWNtT2NZRVRRRWFDdE1PWWljVEsyTlBlWFlsSnlTZjhCclkyYStWTTBSaFBLZmhia05yMW14RmhDQmM1bGw2UThhbjI0M0cxY3FjMnJoWGh2bEEwOWFGZ2FreGN0UU5TMlFSclVWN2dPNGR3aG14b2JweTFhczF5aS9nc2VYVUlaTG93bURQR3F1a3NYbkJoMmFmUGh4WEZJbWJNTGk3U3JNd285K3VDK21aSFJQcWpIbDFtYlcxTS84bWQwRGt4NWVZZU9CZFd3U2tVOHVmVytYZytaQndTaVA3UWRzTmhUdlNUNSs0cmN5OUdTYy9EdWUyd3RINUR1V1ZTbjRKWXBzL256a3pFWnUvak9aU2Z6NUt5QjAyOUZkKzdwU2lpNTBYbnpsci9GZGxDdGczcjFxSmdrRndsWWFFS3M5bkRRaEFEcEdWR3owaHM5bnoyb3ZmRVR3ZDJQUGhiOUlobGc2MWVCN25jUXJIMk5vTVJnOWZRQ082TjlQUjFaWmhNVnpPRkxtWG9lRUg2QVRZczBCWmdFVk1NcFh2ei9ndGpYOWZUYkNzWDlUN3Z1ajhrLzBzdGloR1ZqaFVES2VjekJHU3dySmZhNzFDQ05tUjBFL2tYQVlLdVFIdW1FMGpKTm1Hci9FTEF5bXIyRTNxblp0cExQaEp4ZS92dTgyMjM0bk5tY0JvMFdpR3hYbTZRNytSVUdjRVhHUHBYVzFHL0tKQjhyZy9EZkdIdzRqOHZxOCtETVVweFlRWUNkWjE0WU9DemRQVkQ5UFhWOWsyL2h2UnR6bkx1aEg5VGppcDc0VkZIT2R5UjNPdWt5NDNvRmhuSFJqV1pXNThYK0g0Rld3WmkwL2ZLQ3pweklZOTNXbktWSCt1RStyV2hHTHQrdDlOcldpc25zT1JNTE1BU2hOYU5JMEdzRFZVL2pxOHVQOTZzbWtNdFlzV1BPRnJ1bWhYQ0MrQ0lKQ0IrR21vaC9jU0R3bFNId2U4VTdqbDZWWm1aOGVjTHR0cllvVnlsTCtUdE5DZmhmTWxWSGpiMXhBc3UxZFd4OTdyT0VNazdLWHlqMWE1S09nRjVxTDhJVjk4R3MwQ3ZJaGUxNHN0TC8yN0F6SFdIRVpna285TWN0dUZiMjVIZjdPbm9rVlpCMVFHZyt6eTIybHVseDMybWc4S2kvTDBBYlNIUldqbzEzSG10WWdENnVXdzNvbG8xeUR2N3BFZEhvSFlmUFAyWUtGU2piNFlKVnNsZjhVMTZaM2RQc0l6aWljTXNGV1BhNXRlZGlYdUwzY2lHbDN2MUdGbExZOUh0WnNlU0s4WmZQajRhM0tIRERuYmxPUUYzMGE4K1U0SUhyNTNmbERtemhHQW8ra3U4ZFpldW5XODZyOGhucmFYZ3VGSVdMd0ptSTBSUHlnS0wwWDk5Tm1wdkJBUnc3KzVPVnpUZTdKNUY4NXVBOVptanBRPT06OirSbMFssw7RVNL4Ya1Avi0=\"\/><input type=\"hidden\" id=\"_acf_nonce\" name=\"_acf_nonce\" value=\"7cbc0f8650\"\/><input type=\"hidden\" id=\"_acf_changed\" name=\"_acf_changed\" value=\"0\"\/>\t<\/div>\n\t\t\t\t<div class=\"acf-fields acf-form-fields -top\">\n\t\t\t\t\t\t\t\t<div class=\"acf-field acf-field-text acf-field-662a3e685466c\" style=\"width:50%;\" data-name=\"nom_runday4life\" data-type=\"text\" data-key=\"field_662a3e685466c\" data-width=\"50\">\n<div class=\"acf-label\">\n<label for=\"acf-field_662a3e685466c\">Name<\/label><\/div>\n<div class=\"acf-input\">\n<div class=\"acf-input-wrap\"><input type=\"text\" id=\"acf-field_662a3e685466c\" name=\"acf[field_662a3e685466c]\"\/><\/div><\/div>\n<\/div>\n<div class=\"acf-field acf-field-text acf-field-662a3eede971b\" style=\"width:50%;\" data-name=\"prenom_runday4life\" data-type=\"text\" data-key=\"field_662a3eede971b\" data-width=\"50\">\n<div class=\"acf-label\">\n<label for=\"acf-field_662a3eede971b\">First name<\/label><\/div>\n<div class=\"acf-input\">\n<div class=\"acf-input-wrap\"><input type=\"text\" id=\"acf-field_662a3eede971b\" name=\"acf[field_662a3eede971b]\"\/><\/div><\/div>\n<\/div>\n<div class=\"acf-field acf-field-email acf-field-662a3efbe971c\" style=\"width:50%;\" data-name=\"email_runday4life\" data-type=\"email\" data-key=\"field_662a3efbe971c\" data-width=\"50\">\n<div class=\"acf-label\">\n<label for=\"acf-field_662a3efbe971c\">E-mail address<\/label><\/div>\n<div class=\"acf-input\">\n<div class=\"acf-input-wrap\"><input type=\"email\" id=\"acf-field_662a3efbe971c\" name=\"acf[field_662a3efbe971c]\"\/><\/div><\/div>\n<\/div>\n<div class=\"acf-field acf-field-text acf-field-662a3f0fe971d\" style=\"width:50%;\" data-name=\"nom_equipe_runday4life\" data-type=\"text\" data-key=\"field_662a3f0fe971d\" data-width=\"50\">\n<div class=\"acf-label\">\n<label for=\"acf-field_662a3f0fe971d\">Name of my personal collection \/ team<\/label><p class=\"description\">Public information<\/p><\/div>\n<div class=\"acf-input\">\n<div class=\"acf-input-wrap\"><input type=\"text\" id=\"acf-field_662a3f0fe971d\" name=\"acf[field_662a3f0fe971d]\"\/><\/div><\/div>\n<\/div>\n<div class=\"acf-field acf-field-number acf-field-662a3f28e971e\" style=\"width:50%;\" data-name=\"nb_equipe_runday4life\" data-type=\"number\" data-key=\"field_662a3f28e971e\" data-width=\"50\">\n<div class=\"acf-label\">\n<label for=\"acf-field_662a3f28e971e\">Number of participants for my personal collection \/ team<\/label><\/div>\n<div class=\"acf-input\">\n<div class=\"acf-input-wrap\"><input type=\"number\" id=\"acf-field_662a3f28e971e\" name=\"acf[field_662a3f28e971e]\" step=\"any\"\/><\/div><\/div>\n<\/div>\n<div class=\"acf-field acf-field-number acf-field-662a3f43e971f\" style=\"width:50%;\" data-name=\"objectif_financier_equipe_runday4life\" data-type=\"number\" data-key=\"field_662a3f43e971f\" data-width=\"50\">\n<div class=\"acf-label\">\n<label for=\"acf-field_662a3f43e971f\">What is your financial goal?<\/label><p class=\"description\">The amount I and\/or my team hope to raise<\/p><\/div>\n<div class=\"acf-input\">\n<div class=\"acf-input-wrap\"><input type=\"number\" id=\"acf-field_662a3f43e971f\" name=\"acf[field_662a3f43e971f]\" step=\"any\" placeholder=\"CHF\"\/><\/div><\/div>\n<\/div>\n<div class=\"acf-field acf-field-textarea acf-field-662a3f6de9720\" style=\"width:100%;\" data-name=\"motivations_equipe_runday4life\" data-type=\"textarea\" data-key=\"field_662a3f6de9720\" data-width=\"100\">\n<div class=\"acf-label\">\n<label for=\"acf-field_662a3f6de9720\">What are your motivations<\/label><p class=\"description\">Public information<\/p><\/div>\n<div class=\"acf-input\">\n<textarea id=\"acf-field_662a3f6de9720\" name=\"acf[field_662a3f6de9720]\" rows=\"8\"><\/textarea><\/div>\n<\/div>\n<div class=\"acf-field acf-field-image acf-field-662a3ff7e9722\" data-name=\"photo_equipe_runday4life\" data-type=\"image\" data-key=\"field_662a3ff7e9722\">\n<div class=\"acf-label\">\n<label for=\"acf-field_662a3ff7e9722\">Team photo<\/label><p class=\"description\">Public information<\/p><\/div>\n<div class=\"acf-input\">\n<div class=\"acf-image-uploader\" data-preview_size=\"medium\" data-library=\"all\" data-mime_types=\"\" data-uploader=\"basic\">\n\t\t\t<input type=\"hidden\" name=\"acf[field_662a3ff7e9722]\" value=\"\"\/>\t<div class=\"show-if-value image-wrap\" style=\"max-width: 300px\" tabindex=\"0\" role=\"button\" aria-label=\"Selected image. Press tab to access image options.\">\n\t\t<img decoding=\"async\" src=\"\" alt=\"\" data-name=\"image\" style=\"max-height: 300px;\" \/>\n\t\t<div class=\"acf-actions -hover\">\n\t\t\t\t\t\t<a class=\"acf-icon -cancel dark\" data-name=\"remove\" href=\"#\" title=\"Remove\" aria-label=\"Remove image\"><\/a>\n\t\t<\/div>\n\t<\/div>\n\t<div class=\"hide-if-value\">\n\t\t\t\t\t\t\t\t\t\t<label class=\"acf-basic-uploader\">\n\t\t\t\t<input type=\"file\" name=\"acf[field_662a3ff7e9722]\" id=\"acf-field_662a3ff7e9722\" key=\"field_662a3ff7e9722\" \/><input type=\"hidden\" name=\"acf[field_662a3ff7e9722_file_nonce]\" value=\"4e80188e9e\" \/>\t\t\t<\/label>\n\t\t\t<\/div>\n<\/div>\n\t\t\t<\/div>\n<\/div>\n<div class=\"acf-field acf-field-number acf-field-6630d2ae5584f hidden_field\" data-name=\"montant_cagnotte_runday4life\" data-type=\"number\" data-key=\"field_6630d2ae5584f\">\n<div class=\"acf-label\">\n<label for=\"acf-field_6630d2ae5584f\">Kitty amount<\/label><\/div>\n<div class=\"acf-input\">\n<div class=\"acf-input-wrap\"><input type=\"number\" id=\"acf-field_6630d2ae5584f\" name=\"acf[field_6630d2ae5584f]\" value=\"0\" step=\"any\"\/><\/div><\/div>\n<\/div>\n<div class=\"acf-field acf-field-text acf-field-6630d36329ed1 hidden_field\" data-name=\"url_page_donation_runday4life\" data-type=\"text\" data-key=\"field_6630d36329ed1\">\n<div class=\"acf-label\">\n<label for=\"acf-field_6630d36329ed1\">URL donation page<\/label><\/div>\n<div class=\"acf-input\">\n<div class=\"acf-input-wrap\"><input type=\"text\" id=\"acf-field_6630d36329ed1\" name=\"acf[field_6630d36329ed1]\"\/><\/div><\/div>\n<\/div>\n<div class=\"acf-field acf-field-text acf-field-6630d7709084c hidden_field\" data-name=\"code_modification_runday4life\" data-type=\"text\" data-key=\"field_6630d7709084c\">\n<div class=\"acf-label\">\n<label for=\"acf-field_6630d7709084c\">Modification code<\/label><\/div>\n<div class=\"acf-input\">\n<div class=\"acf-input-wrap\"><input type=\"text\" id=\"acf-field_6630d7709084c\" name=\"acf[field_6630d7709084c]\"\/><\/div><\/div>\n<\/div>\n<div class=\"acf-field acf-field-text acf-field--validate-email\" style=\"display:none !important;\" data-name=\"_validate_email\" data-type=\"text\" data-key=\"_validate_email\">\n<div class=\"acf-label\">\n<label for=\"acf-_validate_email\">Validate Email<\/label><\/div>\n<div class=\"acf-input\">\n<div class=\"acf-input-wrap\"><input type=\"text\" id=\"acf-_validate_email\" name=\"acf[_validate_email]\"\/><\/div><\/div>\n<\/div>\n\t\t\t\t\t\t\t<\/div>\n\t\t\t\t\t\t\t<div class=\"acf-form-submit\">\n\t\t\t\t\t<input type=\"submit\" class=\"acf-button button button-primary button-large\" value=\"Confirm my registration\" \/>\t\t\t\t\t<span class=\"acf-spinner\"><\/span>\t\t\t\t<\/div>\n\t\t\t\t<input type=\"hidden\" name=\"trp-form-language\" value=\"en\"\/><\/form>\n\t\t\t\t\t<div class=\"elementor-shortcode\"><\/div>\n\t\t\t\t\t\t<\/div>\n\t\t\t\t<\/div>\n\t\t\t\t\t<\/div>\n\t\t\t\t<\/div>\n\t\t\t\t<\/div>","protected":false},"excerpt":{"rendered":"<p>Merci pour votre engagement ! Cr\u00e9ation de ma collecte : C\u2019est simple et rapide ! Compl\u00e9tez les informations ci-dessous Recevez un mail de confirmation avec le lien de collecte Partagez le avec votre entourage pour r\u00e9colter des dons \u00a0 Chaque franc compte et, ensemble, les petits gestes peuvent faire une grande diff\u00e9rence. Votre collecte peut [&hellip;]<\/p>","protected":false},"author":2,"featured_media":0,"parent":0,"menu_order":0,"comment_status":"closed","ping_status":"closed","template":"","meta":{"_acf_changed":false,"footnotes":""},"class_list":["post-6964","page","type-page","status-publish","hentry"],"acf":[],"yoast_head":"<!-- This site is optimized with the Yoast SEO plugin v26.6 - https:\/\/yoast.com\/wordpress\/plugins\/seo\/ -->\n<title>Formulaire \u00e9quipe RunDay4life - Zo\u00e94life<\/title>\n<meta name=\"robots\" content=\"index, follow, max-snippet:-1, max-image-preview:large, max-video-preview:-1\" \/>\n<link rel=\"canonical\" href=\"https:\/\/zoe4life.org\/en\/runday4life-team-form\/\" \/>\n<meta property=\"og:locale\" content=\"en_US\" \/>\n<meta property=\"og:type\" content=\"article\" \/>\n<meta property=\"og:title\" content=\"Formulaire \u00e9quipe RunDay4life - Zo\u00e94life\" \/>\n<meta property=\"og:description\" content=\"Merci pour votre engagement ! Cr\u00e9ation de ma collecte : C\u2019est simple et rapide ! Compl\u00e9tez les informations ci-dessous Recevez un mail de confirmation avec le lien de collecte Partagez le avec votre entourage pour r\u00e9colter des dons \u00a0 Chaque franc compte et, ensemble, les petits gestes peuvent faire une grande diff\u00e9rence. Votre collecte peut [&hellip;]\" \/>\n<meta property=\"og:url\" content=\"https:\/\/zoe4life.org\/en\/runday4life-team-form\/\" \/>\n<meta property=\"og:site_name\" content=\"Zo\u00e94life\" \/>\n<meta property=\"article:publisher\" content=\"https:\/\/www.facebook.com\/zoe4lifeCH\" \/>\n<meta property=\"article:modified_time\" content=\"2026-03-31T15:20:08+00:00\" \/>\n<meta property=\"og:image\" content=\"https:\/\/zoe4life.org\/wp-content\/uploads\/2026\/03\/Run-Day4life.png\" \/>\n\t<meta property=\"og:image:width\" content=\"2000\" \/>\n\t<meta property=\"og:image:height\" content=\"1410\" \/>\n\t<meta property=\"og:image:type\" content=\"image\/png\" \/>\n<meta name=\"twitter:card\" content=\"summary_large_image\" \/>\n<meta name=\"twitter:site\" content=\"@zoe44life\" \/>\n<meta name=\"twitter:label1\" content=\"Est. reading time\" \/>\n\t<meta name=\"twitter:data1\" content=\"1 minute\" \/>\n<script type=\"application\/ld+json\" class=\"yoast-schema-graph\">{\"@context\":\"https:\/\/schema.org\",\"@graph\":[{\"@type\":\"WebPage\",\"@id\":\"https:\/\/zoe4life.org\/formulaire-equipe-runday4life\/\",\"url\":\"https:\/\/zoe4life.org\/formulaire-equipe-runday4life\/\",\"name\":\"Formulaire \u00e9quipe RunDay4life - Zo\u00e94life\",\"isPartOf\":{\"@id\":\"https:\/\/zoe4life.org\/#website\"},\"primaryImageOfPage\":{\"@id\":\"https:\/\/zoe4life.org\/formulaire-equipe-runday4life\/#primaryimage\"},\"image\":{\"@id\":\"https:\/\/zoe4life.org\/formulaire-equipe-runday4life\/#primaryimage\"},\"thumbnailUrl\":\"https:\/\/zoe4life.org\/wp-content\/uploads\/2026\/03\/Run-Day4life.png\",\"datePublished\":\"2024-04-25T07:35:40+00:00\",\"dateModified\":\"2026-03-31T15:20:08+00:00\",\"breadcrumb\":{\"@id\":\"https:\/\/zoe4life.org\/formulaire-equipe-runday4life\/#breadcrumb\"},\"inLanguage\":\"en-US\",\"potentialAction\":[{\"@type\":\"ReadAction\",\"target\":[\"https:\/\/zoe4life.org\/formulaire-equipe-runday4life\/\"]}]},{\"@type\":\"ImageObject\",\"inLanguage\":\"en-US\",\"@id\":\"https:\/\/zoe4life.org\/formulaire-equipe-runday4life\/#primaryimage\",\"url\":\"https:\/\/zoe4life.org\/wp-content\/uploads\/2026\/03\/Run-Day4life.png\",\"contentUrl\":\"https:\/\/zoe4life.org\/wp-content\/uploads\/2026\/03\/Run-Day4life.png\"},{\"@type\":\"BreadcrumbList\",\"@id\":\"https:\/\/zoe4life.org\/formulaire-equipe-runday4life\/#breadcrumb\",\"itemListElement\":[{\"@type\":\"ListItem\",\"position\":1,\"name\":\"Accueil\",\"item\":\"https:\/\/zoe4life.org\/\"},{\"@type\":\"ListItem\",\"position\":2,\"name\":\"Formulaire \u00e9quipe RunDay4life\"}]},{\"@type\":\"WebSite\",\"@id\":\"https:\/\/zoe4life.org\/#website\",\"url\":\"https:\/\/zoe4life.org\/\",\"name\":\"Zo\u00e94Life\",\"description\":\"Ensemble contre le cancer de l&#039;enfant avec l&#039;association Zo\u00e94life\",\"publisher\":{\"@id\":\"https:\/\/zoe4life.org\/#organization\"},\"potentialAction\":[{\"@type\":\"SearchAction\",\"target\":{\"@type\":\"EntryPoint\",\"urlTemplate\":\"https:\/\/zoe4life.org\/?s={search_term_string}\"},\"query-input\":{\"@type\":\"PropertyValueSpecification\",\"valueRequired\":true,\"valueName\":\"search_term_string\"}}],\"inLanguage\":\"en-US\"},{\"@type\":\"Organization\",\"@id\":\"https:\/\/zoe4life.org\/#organization\",\"name\":\"Zo\u00e94Life\",\"url\":\"https:\/\/zoe4life.org\/\",\"logo\":{\"@type\":\"ImageObject\",\"inLanguage\":\"en-US\",\"@id\":\"https:\/\/zoe4life.org\/#\/schema\/logo\/image\/\",\"url\":\"https:\/\/zoe4life.org\/wp-content\/uploads\/2023\/08\/logo-full-zoe4life.png\",\"contentUrl\":\"https:\/\/zoe4life.org\/wp-content\/uploads\/2023\/08\/logo-full-zoe4life.png\",\"width\":600,\"height\":668,\"caption\":\"Zo\u00e94Life\"},\"image\":{\"@id\":\"https:\/\/zoe4life.org\/#\/schema\/logo\/image\/\"},\"sameAs\":[\"https:\/\/www.facebook.com\/zoe4lifeCH\",\"https:\/\/x.com\/zoe44life\",\"https:\/\/instagram.com\/zoe_4_life\/\",\"https:\/\/www.linkedin.com\/company\/zoe4life\",\"https:\/\/www.youtube.com\/channel\/UC5nG2HheLJVOlz4c3K30XRA\",\"https:\/\/www.pinterest.ch\/zo4life\/\"]}]}<\/script>\n<!-- \/ Yoast SEO plugin. -->","yoast_head_json":{"title":"RunDay4life team form - Zo\u00e94life","robots":{"index":"index","follow":"follow","max-snippet":"max-snippet:-1","max-image-preview":"max-image-preview:large","max-video-preview":"max-video-preview:-1"},"canonical":"https:\/\/zoe4life.org\/en\/runday4life-team-form\/","og_locale":"en_US","og_type":"article","og_title":"Formulaire \u00e9quipe RunDay4life - Zo\u00e94life","og_description":"Merci pour votre engagement ! Cr\u00e9ation de ma collecte : C\u2019est simple et rapide ! Compl\u00e9tez les informations ci-dessous Recevez un mail de confirmation avec le lien de collecte Partagez le avec votre entourage pour r\u00e9colter des dons \u00a0 Chaque franc compte et, ensemble, les petits gestes peuvent faire une grande diff\u00e9rence. Votre collecte peut [&hellip;]","og_url":"https:\/\/zoe4life.org\/en\/runday4life-team-form\/","og_site_name":"Zo\u00e94life","article_publisher":"https:\/\/www.facebook.com\/zoe4lifeCH","article_modified_time":"2026-03-31T15:20:08+00:00","og_image":[{"width":2000,"height":1410,"url":"https:\/\/zoe4life.org\/wp-content\/uploads\/2026\/03\/Run-Day4life.png","type":"image\/png"}],"twitter_card":"summary_large_image","twitter_site":"@zoe44life","twitter_misc":{"Est. reading time":"1 minute"},"schema":{"@context":"https:\/\/schema.org","@graph":[{"@type":"WebPage","@id":"https:\/\/zoe4life.org\/formulaire-equipe-runday4life\/","url":"https:\/\/zoe4life.org\/formulaire-equipe-runday4life\/","name":"RunDay4life team form - Zo\u00e94life","isPartOf":{"@id":"https:\/\/zoe4life.org\/#website"},"primaryImageOfPage":{"@id":"https:\/\/zoe4life.org\/formulaire-equipe-runday4life\/#primaryimage"},"image":{"@id":"https:\/\/zoe4life.org\/formulaire-equipe-runday4life\/#primaryimage"},"thumbnailUrl":"https:\/\/zoe4life.org\/wp-content\/uploads\/2026\/03\/Run-Day4life.png","datePublished":"2024-04-25T07:35:40+00:00","dateModified":"2026-03-31T15:20:08+00:00","breadcrumb":{"@id":"https:\/\/zoe4life.org\/formulaire-equipe-runday4life\/#breadcrumb"},"inLanguage":"en-US","potentialAction":[{"@type":"ReadAction","target":["https:\/\/zoe4life.org\/formulaire-equipe-runday4life\/"]}]},{"@type":"ImageObject","inLanguage":"en-US","@id":"https:\/\/zoe4life.org\/formulaire-equipe-runday4life\/#primaryimage","url":"https:\/\/zoe4life.org\/wp-content\/uploads\/2026\/03\/Run-Day4life.png","contentUrl":"https:\/\/zoe4life.org\/wp-content\/uploads\/2026\/03\/Run-Day4life.png"},{"@type":"BreadcrumbList","@id":"https:\/\/zoe4life.org\/formulaire-equipe-runday4life\/#breadcrumb","itemListElement":[{"@type":"ListItem","position":1,"name":"Accueil","item":"https:\/\/zoe4life.org\/"},{"@type":"ListItem","position":2,"name":"Formulaire \u00e9quipe RunDay4life"}]},{"@type":"WebSite","@id":"https:\/\/zoe4life.org\/#website","url":"https:\/\/zoe4life.org\/","name":"Zo\u00e94Life","description":"Ensemble contre le cancer de l&#039;enfant avec l&#039;association Zo\u00e94life","publisher":{"@id":"https:\/\/zoe4life.org\/#organization"},"potentialAction":[{"@type":"SearchAction","target":{"@type":"EntryPoint","urlTemplate":"https:\/\/zoe4life.org\/?s={search_term_string}"},"query-input":{"@type":"PropertyValueSpecification","valueRequired":true,"valueName":"search_term_string"}}],"inLanguage":"en-US"},{"@type":"Organization","@id":"https:\/\/zoe4life.org\/#organization","name":"Zo\u00e94Life","url":"https:\/\/zoe4life.org\/","logo":{"@type":"ImageObject","inLanguage":"en-US","@id":"https:\/\/zoe4life.org\/#\/schema\/logo\/image\/","url":"https:\/\/zoe4life.org\/wp-content\/uploads\/2023\/08\/logo-full-zoe4life.png","contentUrl":"https:\/\/zoe4life.org\/wp-content\/uploads\/2023\/08\/logo-full-zoe4life.png","width":600,"height":668,"caption":"Zo\u00e94Life"},"image":{"@id":"https:\/\/zoe4life.org\/#\/schema\/logo\/image\/"},"sameAs":["https:\/\/www.facebook.com\/zoe4lifeCH","https:\/\/x.com\/zoe44life","https:\/\/instagram.com\/zoe_4_life\/","https:\/\/www.linkedin.com\/company\/zoe4life","https:\/\/www.youtube.com\/channel\/UC5nG2HheLJVOlz4c3K30XRA","https:\/\/www.pinterest.ch\/zo4life\/"]}]}},"post_mailing_queue_ids":[],"_links":{"self":[{"href":"https:\/\/zoe4life.org\/en\/wp-json\/wp\/v2\/pages\/6964","targetHints":{"allow":["GET"]}}],"collection":[{"href":"https:\/\/zoe4life.org\/en\/wp-json\/wp\/v2\/pages"}],"about":[{"href":"https:\/\/zoe4life.org\/en\/wp-json\/wp\/v2\/types\/page"}],"author":[{"embeddable":true,"href":"https:\/\/zoe4life.org\/en\/wp-json\/wp\/v2\/users\/2"}],"replies":[{"embeddable":true,"href":"https:\/\/zoe4life.org\/en\/wp-json\/wp\/v2\/comments?post=6964"}],"version-history":[{"count":135,"href":"https:\/\/zoe4life.org\/en\/wp-json\/wp\/v2\/pages\/6964\/revisions"}],"predecessor-version":[{"id":12616,"href":"https:\/\/zoe4life.org\/en\/wp-json\/wp\/v2\/pages\/6964\/revisions\/12616"}],"wp:attachment":[{"href":"https:\/\/zoe4life.org\/en\/wp-json\/wp\/v2\/media?parent=6964"}],"curies":[{"name":"wp","href":"https:\/\/api.w.org\/{rel}","templated":true}]}}