{"id":3880,"date":"2023-10-23T14:21:25","date_gmt":"2023-10-23T12:21:25","guid":{"rendered":"https:\/\/zoe4life.org\/?page_id=3880"},"modified":"2026-01-30T08:55:29","modified_gmt":"2026-01-30T07:55:29","slug":"schools-and-students","status":"publish","type":"page","link":"https:\/\/zoe4life.org\/en\/schools-and-students\/","title":{"rendered":"Schools and students"},"content":{"rendered":"<div data-elementor-type=\"wp-page\" data-elementor-id=\"3880\" class=\"elementor elementor-3880\" data-elementor-post-type=\"page\">\n\t\t\t\t<div class=\"elementor-element elementor-element-223ec7c e-con-full e-flex e-con e-parent\" data-id=\"223ec7c\" data-element_type=\"container\" data-settings=\"{&quot;background_background&quot;:&quot;classic&quot;,&quot;shape_divider_bottom&quot;:&quot;curve&quot;,&quot;shape_divider_bottom_negative&quot;:&quot;yes&quot;}\">\n\t\t\t\t<div class=\"elementor-shape elementor-shape-bottom\" aria-hidden=\"true\" data-negative=\"true\">\n\t\t\t<svg xmlns=\"http:\/\/www.w3.org\/2000\/svg\" viewbox=\"0 0 1000 100\" preserveaspectratio=\"none\">\n\t<path class=\"elementor-shape-fill\" d=\"M500,97C126.7,96.3,0.8,19.8,0,0v100l1000,0V1C1000,19.4,873.3,97.8,500,97z\"\/>\n<\/svg>\t\t<\/div>\n\t\t<div class=\"elementor-element elementor-element-d0bd5a1 e-con-full e-flex e-con e-child\" data-id=\"d0bd5a1\" data-element_type=\"container\" data-settings=\"{&quot;shape_divider_bottom&quot;:&quot;curve&quot;,&quot;shape_divider_bottom_negative&quot;:&quot;yes&quot;,&quot;position&quot;:&quot;absolute&quot;}\">\n\t\t\t\t<div class=\"elementor-shape elementor-shape-bottom\" aria-hidden=\"true\" data-negative=\"true\">\n\t\t\t<svg xmlns=\"http:\/\/www.w3.org\/2000\/svg\" viewbox=\"0 0 1000 100\" preserveaspectratio=\"none\">\n\t<path class=\"elementor-shape-fill\" d=\"M500,97C126.7,96.3,0.8,19.8,0,0v100l1000,0V1C1000,19.4,873.3,97.8,500,97z\"\/>\n<\/svg>\t\t<\/div>\n\t\t\t\t<div class=\"elementor-element elementor-element-659e068 elementor-absolute elementor-widget elementor-widget-heading\" data-id=\"659e068\" data-element_type=\"widget\" data-settings=\"{&quot;_position&quot;:&quot;absolute&quot;}\" data-widget_type=\"heading.default\">\n\t\t\t\t<div class=\"elementor-widget-container\">\n\t\t\t\t\t<h1 class=\"elementor-heading-title elementor-size-default\">Schools and students<\/h1>\t\t\t\t<\/div>\n\t\t\t\t<\/div>\n\t\t\t\t<\/div>\n\t\t\t\t<\/div>\n\t\t<div class=\"elementor-element elementor-element-6638169 e-flex e-con-boxed e-con e-parent\" data-id=\"6638169\" data-element_type=\"container\" data-settings=\"{&quot;background_background&quot;:&quot;classic&quot;}\">\n\t\t\t\t\t<div class=\"e-con-inner\">\n\t\t<div class=\"elementor-element elementor-element-e255cf2 e-flex e-con-boxed e-con e-child\" data-id=\"e255cf2\" data-element_type=\"container\">\n\t\t\t\t\t<div class=\"e-con-inner\">\n\t\t\t\t<div class=\"elementor-element elementor-element-2a58d75 elementor-widget elementor-widget-heading\" data-id=\"2a58d75\" data-element_type=\"widget\" data-widget_type=\"heading.default\">\n\t\t\t\t<div class=\"elementor-widget-container\">\n\t\t\t\t\t<h2 class=\"elementor-heading-title elementor-size-default\"><span>Schools, teachers or students,<\/span> engagez votre \u00e9cole !<\/h2>\t\t\t\t<\/div>\n\t\t\t\t<\/div>\n\t\t\t\t<div class=\"elementor-element elementor-element-d71e066 elementor-widget elementor-widget-text-editor\" data-id=\"d71e066\" data-element_type=\"widget\" data-widget_type=\"text-editor.default\">\n\t\t\t\t<div class=\"elementor-widget-container\">\n\t\t\t\t\t\t\t\t\t<h2><strong>Transformez votre projet scolaire en une action solidaire !<\/strong><\/h2><p>Chaque ann\u00e9e, plus de 350 enfants en Suisse sont touch\u00e9s par un cancer. Vous, \u00e9tudiants et enseignants, avez la possibilit\u00e9 de faire une r\u00e9elle diff\u00e9rence pour nous aider \u00e0 les soutenir.<\/p><h3>Get your students involved in supporting children with cancer and make a real difference!<\/h3>\t\t\t\t\t\t\t\t<\/div>\n\t\t\t\t<\/div>\n\t\t\t\t\t<\/div>\n\t\t\t\t<\/div>\n\t\t\t\t\t<\/div>\n\t\t\t\t<\/div>\n\t\t<div class=\"elementor-element elementor-element-32c53e8 e-flex e-con-boxed e-con e-parent\" data-id=\"32c53e8\" data-element_type=\"container\">\n\t\t\t\t\t<div class=\"e-con-inner\">\n\t\t\t\t<div class=\"elementor-element elementor-element-51dd662 elementor-widget elementor-widget-text-editor\" data-id=\"51dd662\" data-element_type=\"widget\" data-widget_type=\"text-editor.default\">\n\t\t\t\t<div class=\"elementor-widget-container\">\n\t\t\t\t\t\t\t\t\t<h2><strong>Comment s&#8217;engager ? Inspirez-vous de ces projets :<\/strong><\/h2><ul><li><p><b>Vente solidaire :<\/b> Avec l&#8217;aide de leur enseignant, une classe a organis\u00e9 la vente de petits pains et de barres de chocolat. lors des r\u00e9cr\u00e9atios. En g\u00e9rant le budget et le stock, les \u00e9l\u00e8ves ont transform\u00e9 cette le\u00e7on en une action solidaire pour Zo\u00e94life.<\/p><\/li><li><p><b>Cultiver pour aider :<\/b> D&#8217;autres \u00e9l\u00e8ves ont cultiv\u00e9 des l\u00e9gumes, puis les ont vendus sur un march\u00e9. En r\u00e9pondant aux questions de leurs clients, ils ont fi\u00e8rement expliqu\u00e9 comment les b\u00e9n\u00e9fices allaient aider l&#8217;association.<\/p><\/li><li><p><b>D\u00e9fi sportif :<\/b> Faites comme ces \u00e9l\u00e8ves qui se sont entra\u00een\u00e9s pour une course sponsoris\u00e9e, r\u00e9coltant des fonds pour chaque kilom\u00e8tre parcouru.<\/p><\/li><li><p><b>Projet cr\u00e9atif :<\/b> Mettez en place une pi\u00e8ce de th\u00e9\u00e2tre, un concert ou tout autre \u00e9v\u00e9nement artistique pour une collecte de fonds.<\/p><\/li><li><p class=\"cvGsUA direction-ltr align-start para-style-body\"><b>Projet anti-gaspillage :<\/b> Dans le cadre d&#8217;un cours d&#8217;\u00e9ducation nutritionnelle, une classe a pr\u00e9par\u00e9 et vendu des compotes faites maison \u00e0 partir de fruits invendus. Les \u00e9l\u00e8ves ont ainsi lutt\u00e9 contre le gaspillage alimentaire tout en reversant les b\u00e9n\u00e9fices \u00e0 Zo\u00e94life.<\/p><\/li><\/ul><p>Nous nous d\u00e9pla\u00e7ons volontiers dans votre classe pour expliquer notre travail et l&#8217;impact concret de vos actions. Chaque projet, qu&#8217;il soit grand ou petit, est une source d&#8217;espoir pour les enfants et leurs familles.<\/p>\t\t\t\t\t\t\t\t<\/div>\n\t\t\t\t<\/div>\n\t\t\t\t\t<\/div>\n\t\t\t\t<\/div>\n\t\t<div class=\"elementor-element elementor-element-1661228 e-flex e-con-boxed e-con e-parent\" data-id=\"1661228\" data-element_type=\"container\">\n\t\t\t\t\t<div class=\"e-con-inner\">\n\t\t\t\t<div class=\"elementor-element elementor-element-aa35e9f elementor-arrows-position-inside elementor-pagination-position-outside elementor-widget elementor-widget-image-carousel\" data-id=\"aa35e9f\" data-element_type=\"widget\" data-settings=\"{&quot;slides_to_show&quot;:&quot;3&quot;,&quot;slides_to_scroll&quot;:&quot;3&quot;,&quot;image_spacing_custom&quot;:{&quot;unit&quot;:&quot;px&quot;,&quot;size&quot;:12,&quot;sizes&quot;:[]},&quot;navigation&quot;:&quot;both&quot;,&quot;autoplay&quot;:&quot;yes&quot;,&quot;pause_on_hover&quot;:&quot;yes&quot;,&quot;pause_on_interaction&quot;:&quot;yes&quot;,&quot;autoplay_speed&quot;:5000,&quot;infinite&quot;:&quot;yes&quot;,&quot;speed&quot;:500,&quot;image_spacing_custom_laptop&quot;:{&quot;unit&quot;:&quot;px&quot;,&quot;size&quot;:&quot;&quot;,&quot;sizes&quot;:[]},&quot;image_spacing_custom_tablet_extra&quot;:{&quot;unit&quot;:&quot;px&quot;,&quot;size&quot;:&quot;&quot;,&quot;sizes&quot;:[]},&quot;image_spacing_custom_tablet&quot;:{&quot;unit&quot;:&quot;px&quot;,&quot;size&quot;:&quot;&quot;,&quot;sizes&quot;:[]},&quot;image_spacing_custom_mobile_extra&quot;:{&quot;unit&quot;:&quot;px&quot;,&quot;size&quot;:&quot;&quot;,&quot;sizes&quot;:[]},&quot;image_spacing_custom_mobile&quot;:{&quot;unit&quot;:&quot;px&quot;,&quot;size&quot;:&quot;&quot;,&quot;sizes&quot;:[]}}\" data-widget_type=\"image-carousel.default\">\n\t\t\t\t<div class=\"elementor-widget-container\">\n\t\t\t\t\t\t\t<div class=\"elementor-image-carousel-wrapper swiper\" role=\"region\" aria-roledescription=\"carousel\" aria-label=\"Image carousel\" dir=\"ltr\">\n\t\t\t<div class=\"elementor-image-carousel swiper-wrapper swiper-image-stretch\" aria-live=\"off\">\n\t\t\t\t\t\t\t\t<div class=\"swiper-slide\" role=\"group\" aria-roledescription=\"slide\" aria-label=\"1 sur 6\" data-no-translation-aria-label=\"\"><figure class=\"swiper-slide-inner\"><img decoding=\"async\" class=\"swiper-slide-image\" src=\"https:\/\/zoe4life.org\/wp-content\/uploads\/2025\/08\/Creation-sans-titre-11.png\" alt=\"Cr\u00e9ation sans titre (11)\" \/><\/figure><\/div><div class=\"swiper-slide\" role=\"group\" aria-roledescription=\"slide\" aria-label=\"2 sur 6\" data-no-translation-aria-label=\"\"><figure class=\"swiper-slide-inner\"><img decoding=\"async\" class=\"swiper-slide-image\" src=\"https:\/\/zoe4life.org\/wp-content\/uploads\/2025\/08\/Creation-sans-titre-12.png\" alt=\"Cr\u00e9ation sans titre (12)\" \/><\/figure><\/div><div class=\"swiper-slide\" role=\"group\" aria-roledescription=\"slide\" aria-label=\"3 sur 6\" data-no-translation-aria-label=\"\"><figure class=\"swiper-slide-inner\"><img decoding=\"async\" class=\"swiper-slide-image\" src=\"https:\/\/zoe4life.org\/wp-content\/uploads\/2025\/08\/Creation-sans-titre-10-1.png\" alt=\"Cr\u00e9ation sans titre (10)\" \/><\/figure><\/div><div class=\"swiper-slide\" role=\"group\" aria-roledescription=\"slide\" aria-label=\"4 sur 6\" data-no-translation-aria-label=\"\"><figure class=\"swiper-slide-inner\"><img decoding=\"async\" class=\"swiper-slide-image\" src=\"https:\/\/zoe4life.org\/wp-content\/uploads\/2023\/10\/natalie-ecole-1200x838-1.jpg\" alt=\"natalie-\u00e9cole-1200x838\" \/><\/figure><\/div><div class=\"swiper-slide\" role=\"group\" aria-roledescription=\"slide\" aria-label=\"5 sur 6\" data-no-translation-aria-label=\"\"><figure class=\"swiper-slide-inner\"><img decoding=\"async\" class=\"swiper-slide-image\" src=\"https:\/\/zoe4life.org\/wp-content\/uploads\/2023\/10\/actions-ecole-neuchatel01.jpg\" alt=\"actions-ecole-neuchatel01\" \/><\/figure><\/div><div class=\"swiper-slide\" role=\"group\" aria-roledescription=\"slide\" aria-label=\"6 sur 6\" data-no-translation-aria-label=\"\"><figure class=\"swiper-slide-inner\"><img decoding=\"async\" class=\"swiper-slide-image\" src=\"https:\/\/zoe4life.org\/wp-content\/uploads\/2023\/10\/ecole-et-eleves.jpeg\" alt=\"ecole-et-eleves\" \/><\/figure><\/div>\t\t\t<\/div>\n\t\t\t\t\t\t\t\t\t\t\t\t<div class=\"elementor-swiper-button elementor-swiper-button-prev\" role=\"button\" tabindex=\"0\">\n\t\t\t\t\t\t<svg aria-hidden=\"true\" class=\"e-font-icon-svg e-eicon-chevron-left\" viewbox=\"0 0 1000 1000\" xmlns=\"http:\/\/www.w3.org\/2000\/svg\"><path d=\"M646 125C629 125 613 133 604 142L308 442C296 454 292 471 292 487 292 504 296 521 308 533L604 854C617 867 629 875 646 875 663 875 679 871 692 858 704 846 713 829 713 812 713 796 708 779 692 767L438 487 692 225C700 217 708 204 708 187 708 171 704 154 692 142 675 129 663 125 646 125Z\"><\/path><\/svg>\t\t\t\t\t<\/div>\n\t\t\t\t\t<div class=\"elementor-swiper-button elementor-swiper-button-next\" role=\"button\" tabindex=\"0\">\n\t\t\t\t\t\t<svg aria-hidden=\"true\" class=\"e-font-icon-svg e-eicon-chevron-right\" viewbox=\"0 0 1000 1000\" xmlns=\"http:\/\/www.w3.org\/2000\/svg\"><path d=\"M696 533C708 521 713 504 713 487 713 471 708 454 696 446L400 146C388 133 375 125 354 125 338 125 325 129 313 142 300 154 292 171 292 187 292 204 296 221 308 233L563 492 304 771C292 783 288 800 288 817 288 833 296 850 308 863 321 871 338 875 354 875 371 875 388 867 400 854L696 533Z\"><\/path><\/svg>\t\t\t\t\t<\/div>\n\t\t\t\t\n\t\t\t\t\t\t\t\t\t<div class=\"swiper-pagination\"><\/div>\n\t\t\t\t\t\t\t\t\t<\/div>\n\t\t\t\t\t\t<\/div>\n\t\t\t\t<\/div>\n\t\t\t\t\t<\/div>\n\t\t\t\t<\/div>\n\t\t\t\t<\/div>","protected":false},"excerpt":{"rendered":"<p>Ecoles et \u00e9tudiants Ecoles, enseignants ou \u00e9l\u00e8ves, engagez votre \u00e9cole ! Transformez votre projet scolaire en une action solidaire ! Chaque ann\u00e9e, plus de 350 enfants en Suisse sont touch\u00e9s par un cancer. Vous, \u00e9tudiants et enseignants, avez la possibilit\u00e9 de faire une r\u00e9elle diff\u00e9rence pour nous aider \u00e0 les soutenir. Impliquez vos \u00e9l\u00e8ves pour [&hellip;]<\/p>","protected":false},"author":2,"featured_media":4445,"parent":0,"menu_order":0,"comment_status":"closed","ping_status":"closed","template":"","meta":{"_acf_changed":false,"footnotes":""},"class_list":["post-3880","page","type-page","status-publish","has-post-thumbnail","hentry"],"acf":[],"yoast_head":"<!-- This site is optimized with the Yoast SEO plugin v26.6 - https:\/\/yoast.com\/wordpress\/plugins\/seo\/ -->\n<title>Ecoles et \u00e9tudiants - Zo\u00e94life, ensemble contre le cancer de l&#039;enfant<\/title>\n<meta name=\"description\" content=\"Ecoles, enseignants ou \u00e9l\u00e8ves, organisez un \u00e9v\u00e9nement pour soutenir les enfants atteints de cancer et faites une vraie diff\u00e9rence !\" \/>\n<meta name=\"robots\" content=\"index, follow, max-snippet:-1, max-image-preview:large, max-video-preview:-1\" \/>\n<link rel=\"canonical\" href=\"https:\/\/zoe4life.org\/en\/schools-and-students\/\" \/>\n<meta property=\"og:locale\" content=\"en_US\" \/>\n<meta property=\"og:type\" content=\"article\" \/>\n<meta property=\"og:title\" content=\"Ecoles et \u00e9tudiants - Zo\u00e94life, ensemble contre le cancer de l&#039;enfant\" \/>\n<meta property=\"og:description\" content=\"Ecoles, enseignants ou \u00e9l\u00e8ves, organisez un \u00e9v\u00e9nement pour soutenir les enfants atteints de cancer et faites une vraie diff\u00e9rence !\" \/>\n<meta property=\"og:url\" content=\"https:\/\/zoe4life.org\/en\/schools-and-students\/\" \/>\n<meta property=\"og:site_name\" content=\"Zo\u00e94life\" \/>\n<meta property=\"article:publisher\" content=\"https:\/\/www.facebook.com\/zoe4lifeCH\" \/>\n<meta property=\"article:modified_time\" content=\"2026-01-30T07:55:29+00:00\" \/>\n<meta property=\"og:image\" content=\"https:\/\/zoe4life.org\/wp-content\/uploads\/2020\/09\/ca_aurait_du_etre.jpeg\" \/>\n\t<meta property=\"og:image:width\" content=\"2048\" \/>\n\t<meta property=\"og:image:height\" content=\"1365\" \/>\n\t<meta property=\"og:image:type\" content=\"image\/jpeg\" \/>\n<meta name=\"twitter:card\" content=\"summary_large_image\" \/>\n<meta name=\"twitter:site\" content=\"@zoe44life\" \/>\n<meta name=\"twitter:label1\" content=\"Est. reading time\" \/>\n\t<meta name=\"twitter:data1\" content=\"4 minutes\" \/>\n<script type=\"application\/ld+json\" class=\"yoast-schema-graph\">{\"@context\":\"https:\/\/schema.org\",\"@graph\":[{\"@type\":\"WebPage\",\"@id\":\"https:\/\/zoe4life.org\/ecoles-et-etudiants\/\",\"url\":\"https:\/\/zoe4life.org\/ecoles-et-etudiants\/\",\"name\":\"Ecoles et \u00e9tudiants - Zo\u00e94life, ensemble contre le cancer de l'enfant\",\"isPartOf\":{\"@id\":\"https:\/\/zoe4life.org\/#website\"},\"primaryImageOfPage\":{\"@id\":\"https:\/\/zoe4life.org\/ecoles-et-etudiants\/#primaryimage\"},\"image\":{\"@id\":\"https:\/\/zoe4life.org\/ecoles-et-etudiants\/#primaryimage\"},\"thumbnailUrl\":\"https:\/\/zoe4life.org\/wp-content\/uploads\/2020\/09\/ca_aurait_du_etre.jpeg\",\"datePublished\":\"2023-10-23T12:21:25+00:00\",\"dateModified\":\"2026-01-30T07:55:29+00:00\",\"description\":\"Ecoles, enseignants ou \u00e9l\u00e8ves, organisez un \u00e9v\u00e9nement pour soutenir les enfants atteints de cancer et faites une vraie diff\u00e9rence !\",\"breadcrumb\":{\"@id\":\"https:\/\/zoe4life.org\/ecoles-et-etudiants\/#breadcrumb\"},\"inLanguage\":\"en-US\",\"potentialAction\":[{\"@type\":\"ReadAction\",\"target\":[\"https:\/\/zoe4life.org\/ecoles-et-etudiants\/\"]}]},{\"@type\":\"ImageObject\",\"inLanguage\":\"en-US\",\"@id\":\"https:\/\/zoe4life.org\/ecoles-et-etudiants\/#primaryimage\",\"url\":\"https:\/\/zoe4life.org\/wp-content\/uploads\/2020\/09\/ca_aurait_du_etre.jpeg\",\"contentUrl\":\"https:\/\/zoe4life.org\/wp-content\/uploads\/2020\/09\/ca_aurait_du_etre.jpeg\",\"width\":2048,\"height\":1365},{\"@type\":\"BreadcrumbList\",\"@id\":\"https:\/\/zoe4life.org\/ecoles-et-etudiants\/#breadcrumb\",\"itemListElement\":[{\"@type\":\"ListItem\",\"position\":1,\"name\":\"Accueil\",\"item\":\"https:\/\/zoe4life.org\/\"},{\"@type\":\"ListItem\",\"position\":2,\"name\":\"Ecoles et \u00e9tudiants\"}]},{\"@type\":\"WebSite\",\"@id\":\"https:\/\/zoe4life.org\/#website\",\"url\":\"https:\/\/zoe4life.org\/\",\"name\":\"Zo\u00e94Life\",\"description\":\"Ensemble contre le cancer de l&#039;enfant avec l&#039;association Zo\u00e94life\",\"publisher\":{\"@id\":\"https:\/\/zoe4life.org\/#organization\"},\"potentialAction\":[{\"@type\":\"SearchAction\",\"target\":{\"@type\":\"EntryPoint\",\"urlTemplate\":\"https:\/\/zoe4life.org\/?s={search_term_string}\"},\"query-input\":{\"@type\":\"PropertyValueSpecification\",\"valueRequired\":true,\"valueName\":\"search_term_string\"}}],\"inLanguage\":\"en-US\"},{\"@type\":\"Organization\",\"@id\":\"https:\/\/zoe4life.org\/#organization\",\"name\":\"Zo\u00e94Life\",\"url\":\"https:\/\/zoe4life.org\/\",\"logo\":{\"@type\":\"ImageObject\",\"inLanguage\":\"en-US\",\"@id\":\"https:\/\/zoe4life.org\/#\/schema\/logo\/image\/\",\"url\":\"https:\/\/zoe4life.org\/wp-content\/uploads\/2023\/08\/logo-full-zoe4life.png\",\"contentUrl\":\"https:\/\/zoe4life.org\/wp-content\/uploads\/2023\/08\/logo-full-zoe4life.png\",\"width\":600,\"height\":668,\"caption\":\"Zo\u00e94Life\"},\"image\":{\"@id\":\"https:\/\/zoe4life.org\/#\/schema\/logo\/image\/\"},\"sameAs\":[\"https:\/\/www.facebook.com\/zoe4lifeCH\",\"https:\/\/x.com\/zoe44life\",\"https:\/\/instagram.com\/zoe_4_life\/\",\"https:\/\/www.linkedin.com\/company\/zoe4life\",\"https:\/\/www.youtube.com\/channel\/UC5nG2HheLJVOlz4c3K30XRA\",\"https:\/\/www.pinterest.ch\/zo4life\/\"]}]}<\/script>\n<!-- \/ Yoast SEO plugin. -->","yoast_head_json":{"title":"Schools and students - Zo\u00e94life, together against childhood cancer","description":"Schools, teachers or students, organize an event to support children with cancer and make a real difference!","robots":{"index":"index","follow":"follow","max-snippet":"max-snippet:-1","max-image-preview":"max-image-preview:large","max-video-preview":"max-video-preview:-1"},"canonical":"https:\/\/zoe4life.org\/en\/schools-and-students\/","og_locale":"en_US","og_type":"article","og_title":"Ecoles et \u00e9tudiants - Zo\u00e94life, ensemble contre le cancer de l'enfant","og_description":"Ecoles, enseignants ou \u00e9l\u00e8ves, organisez un \u00e9v\u00e9nement pour soutenir les enfants atteints de cancer et faites une vraie diff\u00e9rence !","og_url":"https:\/\/zoe4life.org\/en\/schools-and-students\/","og_site_name":"Zo\u00e94life","article_publisher":"https:\/\/www.facebook.com\/zoe4lifeCH","article_modified_time":"2026-01-30T07:55:29+00:00","og_image":[{"width":2048,"height":1365,"url":"https:\/\/zoe4life.org\/wp-content\/uploads\/2020\/09\/ca_aurait_du_etre.jpeg","type":"image\/jpeg"}],"twitter_card":"summary_large_image","twitter_site":"@zoe44life","twitter_misc":{"Est. reading time":"4 minutes"},"schema":{"@context":"https:\/\/schema.org","@graph":[{"@type":"WebPage","@id":"https:\/\/zoe4life.org\/ecoles-et-etudiants\/","url":"https:\/\/zoe4life.org\/ecoles-et-etudiants\/","name":"Schools and students - Zo\u00e94life, together against childhood cancer","isPartOf":{"@id":"https:\/\/zoe4life.org\/#website"},"primaryImageOfPage":{"@id":"https:\/\/zoe4life.org\/ecoles-et-etudiants\/#primaryimage"},"image":{"@id":"https:\/\/zoe4life.org\/ecoles-et-etudiants\/#primaryimage"},"thumbnailUrl":"https:\/\/zoe4life.org\/wp-content\/uploads\/2020\/09\/ca_aurait_du_etre.jpeg","datePublished":"2023-10-23T12:21:25+00:00","dateModified":"2026-01-30T07:55:29+00:00","description":"Schools, teachers or students, organize an event to support children with cancer and make a real difference!","breadcrumb":{"@id":"https:\/\/zoe4life.org\/ecoles-et-etudiants\/#breadcrumb"},"inLanguage":"en-US","potentialAction":[{"@type":"ReadAction","target":["https:\/\/zoe4life.org\/ecoles-et-etudiants\/"]}]},{"@type":"ImageObject","inLanguage":"en-US","@id":"https:\/\/zoe4life.org\/ecoles-et-etudiants\/#primaryimage","url":"https:\/\/zoe4life.org\/wp-content\/uploads\/2020\/09\/ca_aurait_du_etre.jpeg","contentUrl":"https:\/\/zoe4life.org\/wp-content\/uploads\/2020\/09\/ca_aurait_du_etre.jpeg","width":2048,"height":1365},{"@type":"BreadcrumbList","@id":"https:\/\/zoe4life.org\/ecoles-et-etudiants\/#breadcrumb","itemListElement":[{"@type":"ListItem","position":1,"name":"Accueil","item":"https:\/\/zoe4life.org\/"},{"@type":"ListItem","position":2,"name":"Ecoles et \u00e9tudiants"}]},{"@type":"WebSite","@id":"https:\/\/zoe4life.org\/#website","url":"https:\/\/zoe4life.org\/","name":"Zo\u00e94Life","description":"Ensemble contre le cancer de l&#039;enfant avec l&#039;association Zo\u00e94life","publisher":{"@id":"https:\/\/zoe4life.org\/#organization"},"potentialAction":[{"@type":"SearchAction","target":{"@type":"EntryPoint","urlTemplate":"https:\/\/zoe4life.org\/?s={search_term_string}"},"query-input":{"@type":"PropertyValueSpecification","valueRequired":true,"valueName":"search_term_string"}}],"inLanguage":"en-US"},{"@type":"Organization","@id":"https:\/\/zoe4life.org\/#organization","name":"Zo\u00e94Life","url":"https:\/\/zoe4life.org\/","logo":{"@type":"ImageObject","inLanguage":"en-US","@id":"https:\/\/zoe4life.org\/#\/schema\/logo\/image\/","url":"https:\/\/zoe4life.org\/wp-content\/uploads\/2023\/08\/logo-full-zoe4life.png","contentUrl":"https:\/\/zoe4life.org\/wp-content\/uploads\/2023\/08\/logo-full-zoe4life.png","width":600,"height":668,"caption":"Zo\u00e94Life"},"image":{"@id":"https:\/\/zoe4life.org\/#\/schema\/logo\/image\/"},"sameAs":["https:\/\/www.facebook.com\/zoe4lifeCH","https:\/\/x.com\/zoe44life","https:\/\/instagram.com\/zoe_4_life\/","https:\/\/www.linkedin.com\/company\/zoe4life","https:\/\/www.youtube.com\/channel\/UC5nG2HheLJVOlz4c3K30XRA","https:\/\/www.pinterest.ch\/zo4life\/"]}]}},"post_mailing_queue_ids":[],"_links":{"self":[{"href":"https:\/\/zoe4life.org\/en\/wp-json\/wp\/v2\/pages\/3880","targetHints":{"allow":["GET"]}}],"collection":[{"href":"https:\/\/zoe4life.org\/en\/wp-json\/wp\/v2\/pages"}],"about":[{"href":"https:\/\/zoe4life.org\/en\/wp-json\/wp\/v2\/types\/page"}],"author":[{"embeddable":true,"href":"https:\/\/zoe4life.org\/en\/wp-json\/wp\/v2\/users\/2"}],"replies":[{"embeddable":true,"href":"https:\/\/zoe4life.org\/en\/wp-json\/wp\/v2\/comments?post=3880"}],"version-history":[{"count":51,"href":"https:\/\/zoe4life.org\/en\/wp-json\/wp\/v2\/pages\/3880\/revisions"}],"predecessor-version":[{"id":12440,"href":"https:\/\/zoe4life.org\/en\/wp-json\/wp\/v2\/pages\/3880\/revisions\/12440"}],"wp:featuredmedia":[{"embeddable":true,"href":"https:\/\/zoe4life.org\/en\/wp-json\/wp\/v2\/media\/4445"}],"wp:attachment":[{"href":"https:\/\/zoe4life.org\/en\/wp-json\/wp\/v2\/media?parent=3880"}],"curies":[{"name":"wp","href":"https:\/\/api.w.org\/{rel}","templated":true}]}}