{"id":3852,"date":"2023-10-23T14:08:57","date_gmt":"2023-10-23T12:08:57","guid":{"rendered":"https:\/\/zoe4life.org\/?page_id=3852"},"modified":"2025-08-10T16:56:11","modified_gmt":"2025-08-10T14:56:11","slug":"capital-raising","status":"publish","type":"page","link":"https:\/\/zoe4life.org\/en\/capital-raising\/","title":{"rendered":"Fund raising"},"content":{"rendered":"<div data-elementor-type=\"wp-page\" data-elementor-id=\"3852\" class=\"elementor elementor-3852\" data-elementor-post-type=\"page\">\n\t\t\t\t<div class=\"elementor-element elementor-element-223ec7c e-con-full e-flex e-con e-parent\" data-id=\"223ec7c\" data-element_type=\"container\" data-settings=\"{&quot;background_background&quot;:&quot;classic&quot;,&quot;shape_divider_bottom&quot;:&quot;curve&quot;,&quot;shape_divider_bottom_negative&quot;:&quot;yes&quot;}\">\n\t\t\t\t<div class=\"elementor-shape elementor-shape-bottom\" aria-hidden=\"true\" data-negative=\"true\">\n\t\t\t<svg xmlns=\"http:\/\/www.w3.org\/2000\/svg\" viewbox=\"0 0 1000 100\" preserveaspectratio=\"none\">\n\t<path class=\"elementor-shape-fill\" d=\"M500,97C126.7,96.3,0.8,19.8,0,0v100l1000,0V1C1000,19.4,873.3,97.8,500,97z\"\/>\n<\/svg>\t\t<\/div>\n\t\t<div class=\"elementor-element elementor-element-d0bd5a1 e-con-full e-flex e-con e-child\" data-id=\"d0bd5a1\" data-element_type=\"container\" data-settings=\"{&quot;shape_divider_bottom&quot;:&quot;curve&quot;,&quot;shape_divider_bottom_negative&quot;:&quot;yes&quot;,&quot;position&quot;:&quot;absolute&quot;}\">\n\t\t\t\t<div class=\"elementor-shape elementor-shape-bottom\" aria-hidden=\"true\" data-negative=\"true\">\n\t\t\t<svg xmlns=\"http:\/\/www.w3.org\/2000\/svg\" viewbox=\"0 0 1000 100\" preserveaspectratio=\"none\">\n\t<path class=\"elementor-shape-fill\" d=\"M500,97C126.7,96.3,0.8,19.8,0,0v100l1000,0V1C1000,19.4,873.3,97.8,500,97z\"\/>\n<\/svg>\t\t<\/div>\n\t\t\t\t<div class=\"elementor-element elementor-element-c3a1863 elementor-absolute elementor-widget elementor-widget-heading\" data-id=\"c3a1863\" data-element_type=\"widget\" data-settings=\"{&quot;_position&quot;:&quot;absolute&quot;}\" data-widget_type=\"heading.default\">\n\t\t\t\t<div class=\"elementor-widget-container\">\n\t\t\t\t\t<h1 class=\"elementor-heading-title elementor-size-default\">Fund raising<\/h1>\t\t\t\t<\/div>\n\t\t\t\t<\/div>\n\t\t\t\t<\/div>\n\t\t\t\t<\/div>\n\t\t<div class=\"elementor-element elementor-element-6638169 e-flex e-con-boxed e-con e-parent\" data-id=\"6638169\" data-element_type=\"container\" data-settings=\"{&quot;background_background&quot;:&quot;classic&quot;}\">\n\t\t\t\t\t<div class=\"e-con-inner\">\n\t\t<div class=\"elementor-element elementor-element-e255cf2 e-flex e-con-boxed e-con e-child\" data-id=\"e255cf2\" data-element_type=\"container\">\n\t\t\t\t\t<div class=\"e-con-inner\">\n\t\t\t\t<div class=\"elementor-element elementor-element-2a58d75 elementor-widget elementor-widget-heading\" data-id=\"2a58d75\" data-element_type=\"widget\" data-widget_type=\"heading.default\">\n\t\t\t\t<div class=\"elementor-widget-container\">\n\t\t\t\t\t<h2 class=\"elementor-heading-title elementor-size-default\">Organize your own <span>fundraising!<\/span><\/h2>\t\t\t\t<\/div>\n\t\t\t\t<\/div>\n\t\t\t\t<div class=\"elementor-element elementor-element-e369800 elementor-widget elementor-widget-text-editor\" data-id=\"e369800\" data-element_type=\"widget\" data-widget_type=\"text-editor.default\">\n\t\t\t\t<div class=\"elementor-widget-container\">\n\t\t\t\t\t\t\t\t\t<h2><strong>Chaque franc compte pour soutenir les enfants atteints de cancer. Vous aussi, vous pouvez faire la diff\u00e9rence en organisant un \u00e9v\u00e9nement \u00e0 votre mani\u00e8re. C\u2019est simple et l\u2019impact est immense !<\/strong><\/h2>\t\t\t\t\t\t\t\t<\/div>\n\t\t\t\t<\/div>\n\t\t\t\t\t<\/div>\n\t\t\t\t<\/div>\n\t\t\t\t\t<\/div>\n\t\t\t\t<\/div>\n\t\t<div class=\"elementor-element elementor-element-6120c1c e-flex e-con-boxed e-con e-parent\" data-id=\"6120c1c\" data-element_type=\"container\">\n\t\t\t\t\t<div class=\"e-con-inner\">\n\t\t\t\t<div class=\"elementor-element elementor-element-1df3e26 elementor-widget elementor-widget-text-editor\" data-id=\"1df3e26\" data-element_type=\"widget\" data-widget_type=\"text-editor.default\">\n\t\t\t\t<div class=\"elementor-widget-container\">\n\t\t\t\t\t\t\t\t\t<h2><strong>Quelques id\u00e9es pour vous inspirer :<\/strong><\/h2><ul><li><p><b>Un \u00e9v\u00e9nement personnel :<\/b> Transformez votre \u00e9v\u00e9nement en une action solidaire.<\/p><ul><li><p><b>Journ\u00e9e de solidarit\u00e9 :<\/b> Comme <b>Yolande<\/b>, qui a tout g\u00e9r\u00e9 de A \u00e0 Z (organisation et promotion), vous pouvez lancer une journ\u00e9e sp\u00e9ciale d\u00e9di\u00e9e \u00e0 la collecte de fonds.<\/p><\/li><li><p><b>Loto :<\/b> Nos b\u00e9n\u00e9voles ont organis\u00e9 un loto avec succ\u00e8s.<\/p><\/li><li><p><b>Anniversaire, mariage ou deuil :<\/b> Demandez des dons \u00e0 la place de cadeaux ou de fleurs.<\/p><\/li><\/ul><\/li><li><p><b>Une vente solidaire :<\/b> Mettez votre cr\u00e9ativit\u00e9 au service de la bonne cause.<\/p><ul><li><p>Organisez une vente de p\u00e2tisserie ou une vente de produits artisanaux, dans votre quartier, votre entourage ou votre entreprise.<\/p><\/li><\/ul><\/li><li><p><b>A <a href=\"https:\/\/zoe4life.org\/en\/sporting-challenges\/\">sporting challenge<\/a> :<\/b> D\u00e9passez-vous pour une cause qui vous tient \u00e0 c\u0153ur.<\/p><ul><li><p>Participez \u00e0 une course, p\u00e9dalez sur une longue distance ou organisez une randonn\u00e9e collective en r\u00e9coltant des fonds.<\/p><\/li><li>Mettez en place ne collecte de fonds \u00e0 l&#8217;occasion de notre course <a href=\"https:\/\/zoe4life.org\/en\/runday4life\/\">RunDay4life run!<\/a>.<\/li><\/ul><\/li><li><p><b>Participez \u00e0 la campagne <a href=\"https:\/\/zoe4life.org\/en\/events\/golden-september\/\">September in GOLD<\/a> :<\/b><\/p><ul><li><p>Rejoignez le mouvement de sensibilisation au cancer de l&#8217;enfant. <b>Portez le ruban OR<\/b> et devenez un ambassadeur pour l&#8217;association.<\/p><\/li><li><p><b>Devenez #extraORdinaire<\/b> en cherchant des commerces et entreprises qui souhaitent afficher nos visuels et vendre nos rubans.<\/p><\/li><\/ul><\/li><\/ul>\t\t\t\t\t\t\t\t<\/div>\n\t\t\t\t<\/div>\n\t\t\t\t\t<\/div>\n\t\t\t\t<\/div>\n\t\t<div class=\"elementor-element elementor-element-f5d8820 e-flex e-con-boxed e-con e-parent\" data-id=\"f5d8820\" data-element_type=\"container\">\n\t\t\t\t\t<div class=\"e-con-inner\">\n\t\t\t\t<div class=\"elementor-element elementor-element-1862e9f elementor-widget elementor-widget-text-editor\" data-id=\"1862e9f\" data-element_type=\"widget\" data-widget_type=\"text-editor.default\">\n\t\t\t\t<div class=\"elementor-widget-container\">\n\t\t\t\t\t\t\t\t\t<h2><b>Votre cr\u00e9ativit\u00e9 est notre force !<\/b><\/h2><p>Chaque action, petite ou grande, est une source d\u2019espoir pour les enfants et leurs familles.<\/p>\t\t\t\t\t\t\t\t<\/div>\n\t\t\t\t<\/div>\n\t\t\t\t<div class=\"elementor-element elementor-element-8228a54 elementor-align-center elementor-widget elementor-widget-button\" data-id=\"8228a54\" data-element_type=\"widget\" data-widget_type=\"button.default\">\n\t\t\t\t<div class=\"elementor-widget-container\">\n\t\t\t\t\t\t\t\t\t<div class=\"elementor-button-wrapper\">\n\t\t\t\t\t<a class=\"elementor-button elementor-button-link elementor-size-sm\" href=\"https:\/\/zoe4life.org\/en\/contact\/\">\n\t\t\t\t\t\t<span class=\"elementor-button-content-wrapper\">\n\t\t\t\t\t\t\t\t\t<span class=\"elementor-button-text\">contact us<\/span>\n\t\t\t\t\t<\/span>\n\t\t\t\t\t<\/a>\n\t\t\t\t<\/div>\n\t\t\t\t\t\t\t\t<\/div>\n\t\t\t\t<\/div>\n\t\t\t\t\t<\/div>\n\t\t\t\t<\/div>\n\t\t\t\t<\/div>","protected":false},"excerpt":{"rendered":"<p>Lev\u00e9e de fonds Organisez votre propre lev\u00e9e de fonds ! Chaque franc compte pour soutenir les enfants atteints de cancer. Vous aussi, vous pouvez faire la diff\u00e9rence en organisant un \u00e9v\u00e9nement \u00e0 votre mani\u00e8re. C\u2019est simple et l\u2019impact est immense ! Quelques id\u00e9es pour vous inspirer : Un \u00e9v\u00e9nement personnel : Transformez votre \u00e9v\u00e9nement en [&hellip;]<\/p>","protected":false},"author":2,"featured_media":0,"parent":0,"menu_order":0,"comment_status":"closed","ping_status":"closed","template":"","meta":{"_acf_changed":false,"footnotes":""},"class_list":["post-3852","page","type-page","status-publish","hentry"],"acf":[],"yoast_head":"<!-- This site is optimized with the Yoast SEO plugin v26.6 - https:\/\/yoast.com\/wordpress\/plugins\/seo\/ -->\n<title>Organisez votre propre lev\u00e9e de fonds - Zo\u00e94life<\/title>\n<meta name=\"description\" content=\"Que ce soit des familles, des particuliers ou des entreprises, tout le monde peut se mobiliser pour les enfants atteints de cancer.\" \/>\n<meta name=\"robots\" content=\"index, follow, max-snippet:-1, max-image-preview:large, max-video-preview:-1\" \/>\n<link rel=\"canonical\" href=\"https:\/\/zoe4life.org\/en\/capital-raising\/\" \/>\n<meta property=\"og:locale\" content=\"en_US\" \/>\n<meta property=\"og:type\" content=\"article\" \/>\n<meta property=\"og:title\" content=\"Organisez votre propre lev\u00e9e de fonds - Zo\u00e94life\" \/>\n<meta property=\"og:description\" content=\"Que ce soit des familles, des particuliers ou des entreprises, tout le monde peut se mobiliser pour les enfants atteints de cancer.\" \/>\n<meta property=\"og:url\" content=\"https:\/\/zoe4life.org\/en\/capital-raising\/\" \/>\n<meta property=\"og:site_name\" content=\"Zo\u00e94life\" \/>\n<meta property=\"article:publisher\" content=\"https:\/\/www.facebook.com\/zoe4lifeCH\" \/>\n<meta property=\"article:modified_time\" content=\"2025-08-10T14:56:11+00:00\" \/>\n<meta name=\"twitter:card\" content=\"summary_large_image\" \/>\n<meta name=\"twitter:site\" content=\"@zoe44life\" \/>\n<meta name=\"twitter:label1\" content=\"Est. reading time\" \/>\n\t<meta name=\"twitter:data1\" content=\"2 minutes\" \/>\n<script type=\"application\/ld+json\" class=\"yoast-schema-graph\">{\"@context\":\"https:\/\/schema.org\",\"@graph\":[{\"@type\":\"WebPage\",\"@id\":\"https:\/\/zoe4life.org\/levee-de-fonds\/\",\"url\":\"https:\/\/zoe4life.org\/levee-de-fonds\/\",\"name\":\"Organisez votre propre lev\u00e9e de fonds - Zo\u00e94life\",\"isPartOf\":{\"@id\":\"https:\/\/zoe4life.org\/#website\"},\"datePublished\":\"2023-10-23T12:08:57+00:00\",\"dateModified\":\"2025-08-10T14:56:11+00:00\",\"description\":\"Que ce soit des familles, des particuliers ou des entreprises, tout le monde peut se mobiliser pour les enfants atteints de cancer.\",\"breadcrumb\":{\"@id\":\"https:\/\/zoe4life.org\/levee-de-fonds\/#breadcrumb\"},\"inLanguage\":\"en-US\",\"potentialAction\":[{\"@type\":\"ReadAction\",\"target\":[\"https:\/\/zoe4life.org\/levee-de-fonds\/\"]}]},{\"@type\":\"BreadcrumbList\",\"@id\":\"https:\/\/zoe4life.org\/levee-de-fonds\/#breadcrumb\",\"itemListElement\":[{\"@type\":\"ListItem\",\"position\":1,\"name\":\"Accueil\",\"item\":\"https:\/\/zoe4life.org\/\"},{\"@type\":\"ListItem\",\"position\":2,\"name\":\"Lev\u00e9e de fonds\"}]},{\"@type\":\"WebSite\",\"@id\":\"https:\/\/zoe4life.org\/#website\",\"url\":\"https:\/\/zoe4life.org\/\",\"name\":\"Zo\u00e94Life\",\"description\":\"Ensemble contre le cancer de l&#039;enfant avec l&#039;association Zo\u00e94life\",\"publisher\":{\"@id\":\"https:\/\/zoe4life.org\/#organization\"},\"potentialAction\":[{\"@type\":\"SearchAction\",\"target\":{\"@type\":\"EntryPoint\",\"urlTemplate\":\"https:\/\/zoe4life.org\/?s={search_term_string}\"},\"query-input\":{\"@type\":\"PropertyValueSpecification\",\"valueRequired\":true,\"valueName\":\"search_term_string\"}}],\"inLanguage\":\"en-US\"},{\"@type\":\"Organization\",\"@id\":\"https:\/\/zoe4life.org\/#organization\",\"name\":\"Zo\u00e94Life\",\"url\":\"https:\/\/zoe4life.org\/\",\"logo\":{\"@type\":\"ImageObject\",\"inLanguage\":\"en-US\",\"@id\":\"https:\/\/zoe4life.org\/#\/schema\/logo\/image\/\",\"url\":\"https:\/\/zoe4life.org\/wp-content\/uploads\/2023\/08\/logo-full-zoe4life.png\",\"contentUrl\":\"https:\/\/zoe4life.org\/wp-content\/uploads\/2023\/08\/logo-full-zoe4life.png\",\"width\":600,\"height\":668,\"caption\":\"Zo\u00e94Life\"},\"image\":{\"@id\":\"https:\/\/zoe4life.org\/#\/schema\/logo\/image\/\"},\"sameAs\":[\"https:\/\/www.facebook.com\/zoe4lifeCH\",\"https:\/\/x.com\/zoe44life\",\"https:\/\/instagram.com\/zoe_4_life\/\",\"https:\/\/www.linkedin.com\/company\/zoe4life\",\"https:\/\/www.youtube.com\/channel\/UC5nG2HheLJVOlz4c3K30XRA\",\"https:\/\/www.pinterest.ch\/zo4life\/\"]}]}<\/script>\n<!-- \/ Yoast SEO plugin. -->","yoast_head_json":{"title":"Organize your own fundraising event - Zo\u00e94life","description":"Whether families, individuals or companies, everyone can get involved for children with cancer.","robots":{"index":"index","follow":"follow","max-snippet":"max-snippet:-1","max-image-preview":"max-image-preview:large","max-video-preview":"max-video-preview:-1"},"canonical":"https:\/\/zoe4life.org\/en\/capital-raising\/","og_locale":"en_US","og_type":"article","og_title":"Organisez votre propre lev\u00e9e de fonds - Zo\u00e94life","og_description":"Que ce soit des familles, des particuliers ou des entreprises, tout le monde peut se mobiliser pour les enfants atteints de cancer.","og_url":"https:\/\/zoe4life.org\/en\/capital-raising\/","og_site_name":"Zo\u00e94life","article_publisher":"https:\/\/www.facebook.com\/zoe4lifeCH","article_modified_time":"2025-08-10T14:56:11+00:00","twitter_card":"summary_large_image","twitter_site":"@zoe44life","twitter_misc":{"Est. reading time":"2 minutes"},"schema":{"@context":"https:\/\/schema.org","@graph":[{"@type":"WebPage","@id":"https:\/\/zoe4life.org\/levee-de-fonds\/","url":"https:\/\/zoe4life.org\/levee-de-fonds\/","name":"Organize your own fundraising event - Zo\u00e94life","isPartOf":{"@id":"https:\/\/zoe4life.org\/#website"},"datePublished":"2023-10-23T12:08:57+00:00","dateModified":"2025-08-10T14:56:11+00:00","description":"Whether families, individuals or companies, everyone can get involved for children with cancer.","breadcrumb":{"@id":"https:\/\/zoe4life.org\/levee-de-fonds\/#breadcrumb"},"inLanguage":"en-US","potentialAction":[{"@type":"ReadAction","target":["https:\/\/zoe4life.org\/levee-de-fonds\/"]}]},{"@type":"BreadcrumbList","@id":"https:\/\/zoe4life.org\/levee-de-fonds\/#breadcrumb","itemListElement":[{"@type":"ListItem","position":1,"name":"Accueil","item":"https:\/\/zoe4life.org\/"},{"@type":"ListItem","position":2,"name":"Lev\u00e9e de fonds"}]},{"@type":"WebSite","@id":"https:\/\/zoe4life.org\/#website","url":"https:\/\/zoe4life.org\/","name":"Zo\u00e94Life","description":"Ensemble contre le cancer de l&#039;enfant avec l&#039;association Zo\u00e94life","publisher":{"@id":"https:\/\/zoe4life.org\/#organization"},"potentialAction":[{"@type":"SearchAction","target":{"@type":"EntryPoint","urlTemplate":"https:\/\/zoe4life.org\/?s={search_term_string}"},"query-input":{"@type":"PropertyValueSpecification","valueRequired":true,"valueName":"search_term_string"}}],"inLanguage":"en-US"},{"@type":"Organization","@id":"https:\/\/zoe4life.org\/#organization","name":"Zo\u00e94Life","url":"https:\/\/zoe4life.org\/","logo":{"@type":"ImageObject","inLanguage":"en-US","@id":"https:\/\/zoe4life.org\/#\/schema\/logo\/image\/","url":"https:\/\/zoe4life.org\/wp-content\/uploads\/2023\/08\/logo-full-zoe4life.png","contentUrl":"https:\/\/zoe4life.org\/wp-content\/uploads\/2023\/08\/logo-full-zoe4life.png","width":600,"height":668,"caption":"Zo\u00e94Life"},"image":{"@id":"https:\/\/zoe4life.org\/#\/schema\/logo\/image\/"},"sameAs":["https:\/\/www.facebook.com\/zoe4lifeCH","https:\/\/x.com\/zoe44life","https:\/\/instagram.com\/zoe_4_life\/","https:\/\/www.linkedin.com\/company\/zoe4life","https:\/\/www.youtube.com\/channel\/UC5nG2HheLJVOlz4c3K30XRA","https:\/\/www.pinterest.ch\/zo4life\/"]}]}},"post_mailing_queue_ids":[],"_links":{"self":[{"href":"https:\/\/zoe4life.org\/en\/wp-json\/wp\/v2\/pages\/3852","targetHints":{"allow":["GET"]}}],"collection":[{"href":"https:\/\/zoe4life.org\/en\/wp-json\/wp\/v2\/pages"}],"about":[{"href":"https:\/\/zoe4life.org\/en\/wp-json\/wp\/v2\/types\/page"}],"author":[{"embeddable":true,"href":"https:\/\/zoe4life.org\/en\/wp-json\/wp\/v2\/users\/2"}],"replies":[{"embeddable":true,"href":"https:\/\/zoe4life.org\/en\/wp-json\/wp\/v2\/comments?post=3852"}],"version-history":[{"count":36,"href":"https:\/\/zoe4life.org\/en\/wp-json\/wp\/v2\/pages\/3852\/revisions"}],"predecessor-version":[{"id":11526,"href":"https:\/\/zoe4life.org\/en\/wp-json\/wp\/v2\/pages\/3852\/revisions\/11526"}],"wp:attachment":[{"href":"https:\/\/zoe4life.org\/en\/wp-json\/wp\/v2\/media?parent=3852"}],"curies":[{"name":"wp","href":"https:\/\/api.w.org\/{rel}","templated":true}]}}