{"id":1689,"date":"2023-10-11T14:26:05","date_gmt":"2023-10-11T12:26:05","guid":{"rendered":"https:\/\/zoe4life.org\/?page_id=1689"},"modified":"2025-08-10T11:06:30","modified_gmt":"2025-08-10T09:06:30","slug":"awareness","status":"publish","type":"page","link":"https:\/\/zoe4life.org\/en\/awareness\/","title":{"rendered":"Awareness"},"content":{"rendered":"<div data-elementor-type=\"wp-page\" data-elementor-id=\"1689\" class=\"elementor elementor-1689\" data-elementor-post-type=\"page\">\n\t\t\t\t<div class=\"elementor-element elementor-element-8e5a48e e-con-full e-flex e-con e-parent\" data-id=\"8e5a48e\" data-element_type=\"container\" data-settings=\"{&quot;background_background&quot;:&quot;classic&quot;,&quot;shape_divider_bottom&quot;:&quot;curve&quot;,&quot;shape_divider_bottom_negative&quot;:&quot;yes&quot;}\">\n\t\t\t\t<div class=\"elementor-shape elementor-shape-bottom\" aria-hidden=\"true\" data-negative=\"true\">\n\t\t\t<svg xmlns=\"http:\/\/www.w3.org\/2000\/svg\" viewbox=\"0 0 1000 100\" preserveaspectratio=\"none\">\n\t<path class=\"elementor-shape-fill\" d=\"M500,97C126.7,96.3,0.8,19.8,0,0v100l1000,0V1C1000,19.4,873.3,97.8,500,97z\"\/>\n<\/svg>\t\t<\/div>\n\t\t<div class=\"elementor-element elementor-element-dc037b3 e-con-full e-flex e-con e-child\" data-id=\"dc037b3\" data-element_type=\"container\" data-settings=\"{&quot;shape_divider_bottom&quot;:&quot;curve&quot;,&quot;shape_divider_bottom_negative&quot;:&quot;yes&quot;,&quot;position&quot;:&quot;absolute&quot;}\">\n\t\t\t\t<div class=\"elementor-shape elementor-shape-bottom\" aria-hidden=\"true\" data-negative=\"true\">\n\t\t\t<svg xmlns=\"http:\/\/www.w3.org\/2000\/svg\" viewbox=\"0 0 1000 100\" preserveaspectratio=\"none\">\n\t<path class=\"elementor-shape-fill\" d=\"M500,97C126.7,96.3,0.8,19.8,0,0v100l1000,0V1C1000,19.4,873.3,97.8,500,97z\"\/>\n<\/svg>\t\t<\/div>\n\t\t\t\t<div class=\"elementor-element elementor-element-40d031b elementor-absolute elementor-widget elementor-widget-heading\" data-id=\"40d031b\" data-element_type=\"widget\" data-settings=\"{&quot;_position&quot;:&quot;absolute&quot;}\" data-widget_type=\"heading.default\">\n\t\t\t\t<div class=\"elementor-widget-container\">\n\t\t\t\t\t<h1 class=\"elementor-heading-title elementor-size-default\">Awareness<\/h1>\t\t\t\t<\/div>\n\t\t\t\t<\/div>\n\t\t\t\t<\/div>\n\t\t\t\t<\/div>\n\t\t<div class=\"elementor-element elementor-element-0fa4540 e-flex e-con-boxed e-con e-parent\" data-id=\"0fa4540\" data-element_type=\"container\" data-settings=\"{&quot;background_background&quot;:&quot;classic&quot;}\">\n\t\t\t\t\t<div class=\"e-con-inner\">\n\t\t\t\t<div class=\"elementor-element elementor-element-a71cabc elementor-widget elementor-widget-heading\" data-id=\"a71cabc\" data-element_type=\"widget\" data-widget_type=\"heading.default\">\n\t\t\t\t<div class=\"elementor-widget-container\">\n\t\t\t\t\t<h2 class=\"elementor-heading-title elementor-size-default\"><span style=\"color:#ffcd00\">Awareness <\/span> <\/h2>\t\t\t\t<\/div>\n\t\t\t\t<\/div>\n\t\t<div class=\"elementor-element elementor-element-af03460 e-flex e-con-boxed e-con e-child\" data-id=\"af03460\" data-element_type=\"container\">\n\t\t\t\t\t<div class=\"e-con-inner\">\n\t\t<div class=\"elementor-element elementor-element-db50e5a e-con-full e-flex e-con e-child\" data-id=\"db50e5a\" data-element_type=\"container\">\n\t\t\t\t<div class=\"elementor-element elementor-element-d622c94 elementor-widget elementor-widget-image\" data-id=\"d622c94\" data-element_type=\"widget\" data-widget_type=\"image.default\">\n\t\t\t\t<div class=\"elementor-widget-container\">\n\t\t\t\t\t\t\t\t\t\t\t\t\t\t\t<img fetchpriority=\"high\" decoding=\"async\" width=\"748\" height=\"1024\" src=\"https:\/\/zoe4life.org\/wp-content\/uploads\/2023\/08\/poupee-course-talons-748x1024.png\" class=\"attachment-large size-large wp-image-90\" alt=\"\" srcset=\"https:\/\/zoe4life.org\/wp-content\/uploads\/2023\/08\/poupee-course-talons-748x1024.png 748w, https:\/\/zoe4life.org\/wp-content\/uploads\/2023\/08\/poupee-course-talons-219x300.png 219w, https:\/\/zoe4life.org\/wp-content\/uploads\/2023\/08\/poupee-course-talons-768x1051.png 768w, https:\/\/zoe4life.org\/wp-content\/uploads\/2023\/08\/poupee-course-talons.png 850w\" sizes=\"(max-width: 748px) 100vw, 748px\" \/>\t\t\t\t\t\t\t\t\t\t\t\t\t\t\t<\/div>\n\t\t\t\t<\/div>\n\t\t\t\t<\/div>\n\t\t<div class=\"elementor-element elementor-element-2d39b44 e-flex e-con-boxed e-con e-child\" data-id=\"2d39b44\" data-element_type=\"container\">\n\t\t\t\t\t<div class=\"e-con-inner\">\n\t\t\t\t<div class=\"elementor-element elementor-element-0157e43 elementor-widget elementor-widget-text-editor\" data-id=\"0157e43\" data-element_type=\"widget\" data-widget_type=\"text-editor.default\">\n\t\t\t\t<div class=\"elementor-widget-container\">\n\t\t\t\t\t\t\t\t\t<p class=\"p1\">Cancer knows no boundaries, no age, no socio-cultural background.<\/p>\t\t\t\t\t\t\t\t<\/div>\n\t\t\t\t<\/div>\n\t\t\t\t<div class=\"elementor-element elementor-element-f75590a elementor-widget elementor-widget-heading\" data-id=\"f75590a\" data-element_type=\"widget\" data-widget_type=\"heading.default\">\n\t\t\t\t<div class=\"elementor-widget-container\">\n\t\t\t\t\t<h3 class=\"elementor-heading-title elementor-size-default\">Raising awareness of childhood cancer is an important goal for Zo\u00e94life. Indeed, before being affected in any way, shape or form, it's difficult to grasp the issues surrounding treatment and the disease. That's why Zo\u00e94life's role is to raise public awareness of childhood cancer.<\/h3>\t\t\t\t<\/div>\n\t\t\t\t<\/div>\n\t\t\t\t<div class=\"elementor-element elementor-element-2a7032c elementor-widget__width-inherit elementor-widget elementor-widget-text-editor\" data-id=\"2a7032c\" data-element_type=\"widget\" data-widget_type=\"text-editor.default\">\n\t\t\t\t<div class=\"elementor-widget-container\">\n\t\t\t\t\t\t\t\t\t<p class=\"p1\">The consequences of such a disease on the child and those around him are severe. It's important to be able to talk about childhood cancer without taboos, but also to make a commitment at international level to change things, as too few funds are allocated to pediatric cancer research.<\/p><p class=\"p1\">Cancer knows no borders. In fact, treatment is not always available in the child's own country, and he or she may have to travel abroad for treatment.<\/p>\t\t\t\t\t\t\t\t<\/div>\n\t\t\t\t<\/div>\n\t\t\t\t\t<\/div>\n\t\t\t\t<\/div>\n\t\t\t\t\t<\/div>\n\t\t\t\t<\/div>\n\t\t\t\t\t<\/div>\n\t\t\t\t<\/div>\n\t\t<div class=\"elementor-element elementor-element-75199eb e-flex e-con-boxed e-con e-parent\" data-id=\"75199eb\" data-element_type=\"container\" data-settings=\"{&quot;background_background&quot;:&quot;classic&quot;}\">\n\t\t\t\t\t<div class=\"e-con-inner\">\n\t\t\t\t<div class=\"elementor-element elementor-element-2dd1e68 elementor-widget__width-inherit elementor-widget elementor-widget-heading\" data-id=\"2dd1e68\" data-element_type=\"widget\" data-widget_type=\"heading.default\">\n\t\t\t\t<div class=\"elementor-widget-container\">\n\t\t\t\t\t<h2 class=\"elementor-heading-title elementor-size-default\">As a result, Zo\u00e94life is organizing a number of events and getting involved at Swiss and international level to mobilize research players<\/h2>\t\t\t\t<\/div>\n\t\t\t\t<\/div>\n\t\t\t\t\t<\/div>\n\t\t\t\t<\/div>\n\t\t<div class=\"elementor-element elementor-element-6aab123 e-flex e-con-boxed e-con e-parent\" data-id=\"6aab123\" data-element_type=\"container\">\n\t\t\t\t\t<div class=\"e-con-inner\">\n\t\t<div class=\"elementor-element elementor-element-1483bb9 e-con-full e-flex e-con e-child\" data-id=\"1483bb9\" data-element_type=\"container\">\n\t\t<div class=\"elementor-element elementor-element-38cb1a8 e-con-full e-flex e-con e-child\" data-id=\"38cb1a8\" data-element_type=\"container\">\n\t\t\t\t<div class=\"elementor-element elementor-element-dbc18be elementor-widget elementor-widget-image\" data-id=\"dbc18be\" data-element_type=\"widget\" data-widget_type=\"image.default\">\n\t\t\t\t<div class=\"elementor-widget-container\">\n\t\t\t\t\t\t\t\t\t\t\t\t\t\t\t\t<a href=\"https:\/\/zoe4life.org\/en\/?page_id=4713\">\n\t\t\t\t\t\t\t<img decoding=\"async\" width=\"691\" height=\"484\" src=\"https:\/\/zoe4life.org\/wp-content\/uploads\/2023\/10\/entreprise_zoe.jpg\" class=\"attachment-large size-large wp-image-1655\" alt=\"\" srcset=\"https:\/\/zoe4life.org\/wp-content\/uploads\/2023\/10\/entreprise_zoe.jpg 691w, https:\/\/zoe4life.org\/wp-content\/uploads\/2023\/10\/entreprise_zoe-300x210.jpg 300w\" sizes=\"(max-width: 691px) 100vw, 691px\" \/>\t\t\t\t\t\t\t\t<\/a>\n\t\t\t\t\t\t\t\t\t\t\t\t\t\t\t<\/div>\n\t\t\t\t<\/div>\n\t\t\t\t<\/div>\n\t\t<div class=\"elementor-element elementor-element-6b40551 e-con-full e-flex e-con e-child\" data-id=\"6b40551\" data-element_type=\"container\" data-settings=\"{&quot;position&quot;:&quot;absolute&quot;}\">\n\t\t<a class=\"eael-wrapper-link-8df92c7 --eael-wrapper-link-tag\" href=\"https:\/\/zoe4life.org\/en\/?page_id=4713\"><\/a><div data-eael-wrapper-link=\"eael-wrapper-link-8df92c7\" class=\"elementor-element elementor-element-8df92c7 e-flex e-con-boxed e-con e-child\" data-id=\"8df92c7\" data-element_type=\"container\" data-settings=\"{&quot;background_background&quot;:&quot;classic&quot;}\">\n\t\t\t\t\t<div class=\"e-con-inner\">\n\t\t\t\t<div class=\"elementor-element elementor-element-1764f5e elementor-widget elementor-widget-heading\" data-id=\"1764f5e\" data-element_type=\"widget\" data-widget_type=\"heading.default\">\n\t\t\t\t<div class=\"elementor-widget-container\">\n\t\t\t\t\t<h3 class=\"elementor-heading-title elementor-size-default\">Our events<\/h3>\t\t\t\t<\/div>\n\t\t\t\t<\/div>\n\t\t\t\t\t<\/div>\n\t\t\t\t<\/div>\n\t\t\t\t<div class=\"elementor-element elementor-element-4bb5a3f elementor-align-center elementor-tablet_extra-align-right elementor-widget elementor-widget-button\" data-id=\"4bb5a3f\" data-element_type=\"widget\" data-widget_type=\"button.default\">\n\t\t\t\t<div class=\"elementor-widget-container\">\n\t\t\t\t\t\t\t\t\t<div class=\"elementor-button-wrapper\">\n\t\t\t\t\t<a class=\"elementor-button elementor-button-link elementor-size-sm\" href=\"https:\/\/zoe4life.org\/en\/?page_id=4713\">\n\t\t\t\t\t\t<span class=\"elementor-button-content-wrapper\">\n\t\t\t\t\t\t\t\t\t<span class=\"elementor-button-text\">Learn more<\/span>\n\t\t\t\t\t<\/span>\n\t\t\t\t\t<\/a>\n\t\t\t\t<\/div>\n\t\t\t\t\t\t\t\t<\/div>\n\t\t\t\t<\/div>\n\t\t\t\t<\/div>\n\t\t\t\t<\/div>\n\t\t\t\t\t<\/div>\n\t\t\t\t<\/div>\n\t\t<div class=\"elementor-element elementor-element-f2dd9ad e-flex e-con-boxed e-con e-parent\" data-id=\"f2dd9ad\" data-element_type=\"container\" data-settings=\"{&quot;background_background&quot;:&quot;classic&quot;}\">\n\t\t\t\t\t<div class=\"e-con-inner\">\n\t\t<div class=\"elementor-element elementor-element-d1ea93a e-flex e-con-boxed e-con e-child\" data-id=\"d1ea93a\" data-element_type=\"container\">\n\t\t\t\t\t<div class=\"e-con-inner\">\n\t\t<div class=\"elementor-element elementor-element-ad4ce95 e-flex e-con-boxed e-con e-child\" data-id=\"ad4ce95\" data-element_type=\"container\">\n\t\t\t\t\t<div class=\"e-con-inner\">\n\t\t\t\t<div class=\"elementor-element elementor-element-b760b17 elementor-widget elementor-widget-heading\" data-id=\"b760b17\" data-element_type=\"widget\" data-widget_type=\"heading.default\">\n\t\t\t\t<div class=\"elementor-widget-container\">\n\t\t\t\t\t<h3 class=\"elementor-heading-title elementor-size-default\">Together we can make a difference!<\/h3>\t\t\t\t<\/div>\n\t\t\t\t<\/div>\n\t\t\t\t<div class=\"elementor-element elementor-element-28d1c8e elementor-widget__width-inherit elementor-widget elementor-widget-text-editor\" data-id=\"28d1c8e\" data-element_type=\"widget\" data-widget_type=\"text-editor.default\">\n\t\t\t\t<div class=\"elementor-widget-container\">\n\t\t\t\t\t\t\t\t\t<p class=\"p1\">There are many ways to support us. Your commitment makes a difference for children with cancer.<\/p>\t\t\t\t\t\t\t\t<\/div>\n\t\t\t\t<\/div>\n\t\t\t\t\t<\/div>\n\t\t\t\t<\/div>\n\t\t\t\t\t<\/div>\n\t\t\t\t<\/div>\n\t\t\t\t\t<\/div>\n\t\t\t\t<\/div>\n\t\t<div class=\"elementor-element elementor-element-5a1c422 e-flex e-con-boxed e-con e-parent\" data-id=\"5a1c422\" data-element_type=\"container\">\n\t\t\t\t\t<div class=\"e-con-inner\">\n\t\t\t\t<div class=\"elementor-element elementor-element-deb6b52 elementor-widget elementor-widget-template\" data-id=\"deb6b52\" data-element_type=\"widget\" data-widget_type=\"template.default\">\n\t\t\t\t<div class=\"elementor-widget-container\">\n\t\t\t\t\t\t\t<div class=\"elementor-template\">\n\t\t\t\t\t<div data-elementor-type=\"container\" data-elementor-id=\"4900\" class=\"elementor elementor-4900\" data-elementor-post-type=\"elementor_library\">\n\t\t\t\t<div class=\"elementor-element elementor-element-b299066 e-flex e-con-boxed e-con e-child\" data-id=\"b299066\" data-element_type=\"container\" data-settings=\"{&quot;background_background&quot;:&quot;classic&quot;}\">\n\t\t\t\t\t<div class=\"e-con-inner\">\n\t\t<div class=\"elementor-element elementor-element-c527248 e-con-full e-flex e-con e-child\" data-id=\"c527248\" data-element_type=\"container\">\n\t\t\t\t<div class=\"elementor-element elementor-element-0116d22 elementor-align-left elementor-widget elementor-widget-button\" data-id=\"0116d22\" data-element_type=\"widget\" data-widget_type=\"button.default\">\n\t\t\t\t<div class=\"elementor-widget-container\">\n\t\t\t\t\t\t\t\t\t<div class=\"elementor-button-wrapper\">\n\t\t\t\t\t<a class=\"elementor-button elementor-size-md\" role=\"button\">\n\t\t\t\t\t\t<span class=\"elementor-button-content-wrapper\">\n\t\t\t\t\t\t\t\t\t<span class=\"elementor-button-text\">RunDay4life event<\/span>\n\t\t\t\t\t<\/span>\n\t\t\t\t\t<\/a>\n\t\t\t\t<\/div>\n\t\t\t\t\t\t\t\t<\/div>\n\t\t\t\t<\/div>\n\t\t\t\t<\/div>\n\t\t\t\t\t<\/div>\n\t\t\t\t<\/div>\n\t\t<div class=\"elementor-element elementor-element-34a2cbb e-flex e-con-boxed e-con e-parent\" data-id=\"34a2cbb\" data-element_type=\"container\">\n\t\t\t\t\t<div class=\"e-con-inner\">\n\t\t\t\t\t<\/div>\n\t\t\t\t<\/div>\n\t\t\t\t<\/div>\n\t\t\t\t<\/div>\n\t\t\t\t\t\t<\/div>\n\t\t\t\t<\/div>\n\t\t\t\t\t<\/div>\n\t\t\t\t<\/div>\n\t\t\t\t<\/div>","protected":false},"excerpt":{"rendered":"<p>Raising awareness Raising awareness Cancer knows no borders, no age, no socio-cultural background. Raising awareness of childhood cancer is an important goal for Zo\u00e94life. Indeed, before a child has been touched by cancer, it is difficult to grasp the issues surrounding treatment and the disease. That's why Zo\u00e94life's role is to [...]<\/p>","protected":false},"author":2,"featured_media":3174,"parent":0,"menu_order":0,"comment_status":"closed","ping_status":"closed","template":"","meta":{"_acf_changed":false,"footnotes":""},"class_list":["post-1689","page","type-page","status-publish","has-post-thumbnail","hentry"],"acf":[],"yoast_head":"<!-- This site is optimized with the Yoast SEO plugin v26.6 - https:\/\/yoast.com\/wordpress\/plugins\/seo\/ -->\n<title>Sensibilisation - Zo\u00e94life<\/title>\n<meta name=\"description\" content=\"Le cancer de l&#039;enfant ne conna\u00eet pas de fronti\u00e8res, pas d\u2019\u00e2ges, pas de milieux socioculturels. La sensibilisation au cancer de l\u2019enfant...\" \/>\n<meta name=\"robots\" content=\"index, follow, max-snippet:-1, max-image-preview:large, max-video-preview:-1\" \/>\n<link rel=\"canonical\" href=\"https:\/\/zoe4life.org\/en\/awareness\/\" \/>\n<meta property=\"og:locale\" content=\"en_US\" \/>\n<meta property=\"og:type\" content=\"article\" \/>\n<meta property=\"og:title\" content=\"Sensibilisation - Zo\u00e94life\" \/>\n<meta property=\"og:description\" content=\"Le cancer de l&#039;enfant ne conna\u00eet pas de fronti\u00e8res, pas d\u2019\u00e2ges, pas de milieux socioculturels. La sensibilisation au cancer de l\u2019enfant...\" \/>\n<meta property=\"og:url\" content=\"https:\/\/zoe4life.org\/en\/awareness\/\" \/>\n<meta property=\"og:site_name\" content=\"Zo\u00e94life\" \/>\n<meta property=\"article:publisher\" content=\"https:\/\/www.facebook.com\/zoe4lifeCH\" \/>\n<meta property=\"article:modified_time\" content=\"2025-08-10T09:06:30+00:00\" \/>\n<meta property=\"og:image\" content=\"https:\/\/zoe4life.org\/wp-content\/uploads\/2023\/10\/Zoe4Life-Image.jpg\" \/>\n\t<meta property=\"og:image:width\" content=\"1200\" \/>\n\t<meta property=\"og:image:height\" content=\"800\" \/>\n\t<meta property=\"og:image:type\" content=\"image\/jpeg\" \/>\n<meta name=\"twitter:card\" content=\"summary_large_image\" \/>\n<meta name=\"twitter:site\" content=\"@zoe44life\" \/>\n<meta name=\"twitter:label1\" content=\"Est. reading time\" \/>\n\t<meta name=\"twitter:data1\" content=\"2 minutes\" \/>\n<script type=\"application\/ld+json\" class=\"yoast-schema-graph\">{\"@context\":\"https:\/\/schema.org\",\"@graph\":[{\"@type\":\"WebPage\",\"@id\":\"https:\/\/zoe4life.org\/sensibilisation\/\",\"url\":\"https:\/\/zoe4life.org\/sensibilisation\/\",\"name\":\"Sensibilisation - Zo\u00e94life\",\"isPartOf\":{\"@id\":\"https:\/\/zoe4life.org\/#website\"},\"primaryImageOfPage\":{\"@id\":\"https:\/\/zoe4life.org\/sensibilisation\/#primaryimage\"},\"image\":{\"@id\":\"https:\/\/zoe4life.org\/sensibilisation\/#primaryimage\"},\"thumbnailUrl\":\"https:\/\/zoe4life.org\/wp-content\/uploads\/2023\/10\/Zoe4Life-Image.jpg\",\"datePublished\":\"2023-10-11T12:26:05+00:00\",\"dateModified\":\"2025-08-10T09:06:30+00:00\",\"description\":\"Le cancer de l'enfant ne conna\u00eet pas de fronti\u00e8res, pas d\u2019\u00e2ges, pas de milieux socioculturels. La sensibilisation au cancer de l\u2019enfant...\",\"breadcrumb\":{\"@id\":\"https:\/\/zoe4life.org\/sensibilisation\/#breadcrumb\"},\"inLanguage\":\"en-US\",\"potentialAction\":[{\"@type\":\"ReadAction\",\"target\":[\"https:\/\/zoe4life.org\/sensibilisation\/\"]}]},{\"@type\":\"ImageObject\",\"inLanguage\":\"en-US\",\"@id\":\"https:\/\/zoe4life.org\/sensibilisation\/#primaryimage\",\"url\":\"https:\/\/zoe4life.org\/wp-content\/uploads\/2023\/10\/Zoe4Life-Image.jpg\",\"contentUrl\":\"https:\/\/zoe4life.org\/wp-content\/uploads\/2023\/10\/Zoe4Life-Image.jpg\",\"width\":1200,\"height\":800},{\"@type\":\"BreadcrumbList\",\"@id\":\"https:\/\/zoe4life.org\/sensibilisation\/#breadcrumb\",\"itemListElement\":[{\"@type\":\"ListItem\",\"position\":1,\"name\":\"Accueil\",\"item\":\"https:\/\/zoe4life.org\/\"},{\"@type\":\"ListItem\",\"position\":2,\"name\":\"Sensibilisation\"}]},{\"@type\":\"WebSite\",\"@id\":\"https:\/\/zoe4life.org\/#website\",\"url\":\"https:\/\/zoe4life.org\/\",\"name\":\"Zo\u00e94Life\",\"description\":\"Ensemble contre le cancer de l&#039;enfant avec l&#039;association Zo\u00e94life\",\"publisher\":{\"@id\":\"https:\/\/zoe4life.org\/#organization\"},\"potentialAction\":[{\"@type\":\"SearchAction\",\"target\":{\"@type\":\"EntryPoint\",\"urlTemplate\":\"https:\/\/zoe4life.org\/?s={search_term_string}\"},\"query-input\":{\"@type\":\"PropertyValueSpecification\",\"valueRequired\":true,\"valueName\":\"search_term_string\"}}],\"inLanguage\":\"en-US\"},{\"@type\":\"Organization\",\"@id\":\"https:\/\/zoe4life.org\/#organization\",\"name\":\"Zo\u00e94Life\",\"url\":\"https:\/\/zoe4life.org\/\",\"logo\":{\"@type\":\"ImageObject\",\"inLanguage\":\"en-US\",\"@id\":\"https:\/\/zoe4life.org\/#\/schema\/logo\/image\/\",\"url\":\"https:\/\/zoe4life.org\/wp-content\/uploads\/2023\/08\/logo-full-zoe4life.png\",\"contentUrl\":\"https:\/\/zoe4life.org\/wp-content\/uploads\/2023\/08\/logo-full-zoe4life.png\",\"width\":600,\"height\":668,\"caption\":\"Zo\u00e94Life\"},\"image\":{\"@id\":\"https:\/\/zoe4life.org\/#\/schema\/logo\/image\/\"},\"sameAs\":[\"https:\/\/www.facebook.com\/zoe4lifeCH\",\"https:\/\/x.com\/zoe44life\",\"https:\/\/instagram.com\/zoe_4_life\/\",\"https:\/\/www.linkedin.com\/company\/zoe4life\",\"https:\/\/www.youtube.com\/channel\/UC5nG2HheLJVOlz4c3K30XRA\",\"https:\/\/www.pinterest.ch\/zo4life\/\"]}]}<\/script>\n<!-- \/ Yoast SEO plugin. -->","yoast_head_json":{"title":"Raising awareness - Zo\u00e94life","description":"Childhood cancer knows no borders, no age, no socio-cultural background. Raising awareness of childhood cancer...","robots":{"index":"index","follow":"follow","max-snippet":"max-snippet:-1","max-image-preview":"max-image-preview:large","max-video-preview":"max-video-preview:-1"},"canonical":"https:\/\/zoe4life.org\/en\/awareness\/","og_locale":"en_US","og_type":"article","og_title":"Sensibilisation - Zo\u00e94life","og_description":"Le cancer de l'enfant ne conna\u00eet pas de fronti\u00e8res, pas d\u2019\u00e2ges, pas de milieux socioculturels. La sensibilisation au cancer de l\u2019enfant...","og_url":"https:\/\/zoe4life.org\/en\/awareness\/","og_site_name":"Zo\u00e94life","article_publisher":"https:\/\/www.facebook.com\/zoe4lifeCH","article_modified_time":"2025-08-10T09:06:30+00:00","og_image":[{"width":1200,"height":800,"url":"https:\/\/zoe4life.org\/wp-content\/uploads\/2023\/10\/Zoe4Life-Image.jpg","type":"image\/jpeg"}],"twitter_card":"summary_large_image","twitter_site":"@zoe44life","twitter_misc":{"Est. reading time":"2 minutes"},"schema":{"@context":"https:\/\/schema.org","@graph":[{"@type":"WebPage","@id":"https:\/\/zoe4life.org\/sensibilisation\/","url":"https:\/\/zoe4life.org\/sensibilisation\/","name":"Raising awareness - Zo\u00e94life","isPartOf":{"@id":"https:\/\/zoe4life.org\/#website"},"primaryImageOfPage":{"@id":"https:\/\/zoe4life.org\/sensibilisation\/#primaryimage"},"image":{"@id":"https:\/\/zoe4life.org\/sensibilisation\/#primaryimage"},"thumbnailUrl":"https:\/\/zoe4life.org\/wp-content\/uploads\/2023\/10\/Zoe4Life-Image.jpg","datePublished":"2023-10-11T12:26:05+00:00","dateModified":"2025-08-10T09:06:30+00:00","description":"Childhood cancer knows no borders, no age, no socio-cultural background. Raising awareness of childhood cancer...","breadcrumb":{"@id":"https:\/\/zoe4life.org\/sensibilisation\/#breadcrumb"},"inLanguage":"en-US","potentialAction":[{"@type":"ReadAction","target":["https:\/\/zoe4life.org\/sensibilisation\/"]}]},{"@type":"ImageObject","inLanguage":"en-US","@id":"https:\/\/zoe4life.org\/sensibilisation\/#primaryimage","url":"https:\/\/zoe4life.org\/wp-content\/uploads\/2023\/10\/Zoe4Life-Image.jpg","contentUrl":"https:\/\/zoe4life.org\/wp-content\/uploads\/2023\/10\/Zoe4Life-Image.jpg","width":1200,"height":800},{"@type":"BreadcrumbList","@id":"https:\/\/zoe4life.org\/sensibilisation\/#breadcrumb","itemListElement":[{"@type":"ListItem","position":1,"name":"Accueil","item":"https:\/\/zoe4life.org\/"},{"@type":"ListItem","position":2,"name":"Sensibilisation"}]},{"@type":"WebSite","@id":"https:\/\/zoe4life.org\/#website","url":"https:\/\/zoe4life.org\/","name":"Zo\u00e94Life","description":"Ensemble contre le cancer de l&#039;enfant avec l&#039;association Zo\u00e94life","publisher":{"@id":"https:\/\/zoe4life.org\/#organization"},"potentialAction":[{"@type":"SearchAction","target":{"@type":"EntryPoint","urlTemplate":"https:\/\/zoe4life.org\/?s={search_term_string}"},"query-input":{"@type":"PropertyValueSpecification","valueRequired":true,"valueName":"search_term_string"}}],"inLanguage":"en-US"},{"@type":"Organization","@id":"https:\/\/zoe4life.org\/#organization","name":"Zo\u00e94Life","url":"https:\/\/zoe4life.org\/","logo":{"@type":"ImageObject","inLanguage":"en-US","@id":"https:\/\/zoe4life.org\/#\/schema\/logo\/image\/","url":"https:\/\/zoe4life.org\/wp-content\/uploads\/2023\/08\/logo-full-zoe4life.png","contentUrl":"https:\/\/zoe4life.org\/wp-content\/uploads\/2023\/08\/logo-full-zoe4life.png","width":600,"height":668,"caption":"Zo\u00e94Life"},"image":{"@id":"https:\/\/zoe4life.org\/#\/schema\/logo\/image\/"},"sameAs":["https:\/\/www.facebook.com\/zoe4lifeCH","https:\/\/x.com\/zoe44life","https:\/\/instagram.com\/zoe_4_life\/","https:\/\/www.linkedin.com\/company\/zoe4life","https:\/\/www.youtube.com\/channel\/UC5nG2HheLJVOlz4c3K30XRA","https:\/\/www.pinterest.ch\/zo4life\/"]}]}},"post_mailing_queue_ids":[],"_links":{"self":[{"href":"https:\/\/zoe4life.org\/en\/wp-json\/wp\/v2\/pages\/1689","targetHints":{"allow":["GET"]}}],"collection":[{"href":"https:\/\/zoe4life.org\/en\/wp-json\/wp\/v2\/pages"}],"about":[{"href":"https:\/\/zoe4life.org\/en\/wp-json\/wp\/v2\/types\/page"}],"author":[{"embeddable":true,"href":"https:\/\/zoe4life.org\/en\/wp-json\/wp\/v2\/users\/2"}],"replies":[{"embeddable":true,"href":"https:\/\/zoe4life.org\/en\/wp-json\/wp\/v2\/comments?post=1689"}],"version-history":[{"count":96,"href":"https:\/\/zoe4life.org\/en\/wp-json\/wp\/v2\/pages\/1689\/revisions"}],"predecessor-version":[{"id":11456,"href":"https:\/\/zoe4life.org\/en\/wp-json\/wp\/v2\/pages\/1689\/revisions\/11456"}],"wp:featuredmedia":[{"embeddable":true,"href":"https:\/\/zoe4life.org\/en\/wp-json\/wp\/v2\/media\/3174"}],"wp:attachment":[{"href":"https:\/\/zoe4life.org\/en\/wp-json\/wp\/v2\/media?parent=1689"}],"curies":[{"name":"wp","href":"https:\/\/api.w.org\/{rel}","templated":true}]}}