{"id":15,"date":"2023-08-18T14:07:32","date_gmt":"2023-08-18T12:07:32","guid":{"rendered":"https:\/\/zoe4life.org\/?page_id=15"},"modified":"2026-04-05T15:36:26","modified_gmt":"2026-04-05T13:36:26","slug":"home","status":"publish","type":"page","link":"https:\/\/zoe4life.org\/en\/","title":{"rendered":"Home"},"content":{"rendered":"<div data-elementor-type=\"wp-page\" data-elementor-id=\"15\" class=\"elementor elementor-15\" data-elementor-post-type=\"page\">\n\t\t\t\t<div class=\"elementor-element elementor-element-e186ef3 e-con-full e-flex e-con e-parent\" data-id=\"e186ef3\" data-element_type=\"container\" data-settings=\"{&quot;background_background&quot;:&quot;classic&quot;,&quot;shape_divider_bottom&quot;:&quot;curve&quot;,&quot;shape_divider_bottom_negative&quot;:&quot;yes&quot;}\">\n\t\t\t\t<div class=\"elementor-shape elementor-shape-bottom\" aria-hidden=\"true\" data-negative=\"true\">\n\t\t\t<svg xmlns=\"http:\/\/www.w3.org\/2000\/svg\" viewbox=\"0 0 1000 100\" preserveaspectratio=\"none\">\n\t<path class=\"elementor-shape-fill\" d=\"M500,97C126.7,96.3,0.8,19.8,0,0v100l1000,0V1C1000,19.4,873.3,97.8,500,97z\"\/>\n<\/svg>\t\t<\/div>\n\t\t<div class=\"elementor-element elementor-element-a47d858 e-con-full e-flex e-con e-child\" data-id=\"a47d858\" data-element_type=\"container\" data-settings=\"{&quot;shape_divider_bottom&quot;:&quot;curve&quot;,&quot;shape_divider_bottom_negative&quot;:&quot;yes&quot;,&quot;position&quot;:&quot;absolute&quot;}\">\n\t\t\t\t<div class=\"elementor-shape elementor-shape-bottom\" aria-hidden=\"true\" data-negative=\"true\">\n\t\t\t<svg xmlns=\"http:\/\/www.w3.org\/2000\/svg\" viewbox=\"0 0 1000 100\" preserveaspectratio=\"none\">\n\t<path class=\"elementor-shape-fill\" d=\"M500,97C126.7,96.3,0.8,19.8,0,0v100l1000,0V1C1000,19.4,873.3,97.8,500,97z\"\/>\n<\/svg>\t\t<\/div>\n\t\t\t\t<\/div>\n\t\t\t\t<\/div>\n\t\t<div class=\"elementor-element elementor-element-08e387d e-flex e-con-boxed e-con e-parent\" data-id=\"08e387d\" data-element_type=\"container\">\n\t\t\t\t\t<div class=\"e-con-inner\">\n\t\t<div class=\"elementor-element elementor-element-a0ebab2 e-flex e-con-boxed e-con e-child\" data-id=\"a0ebab2\" data-element_type=\"container\">\n\t\t\t\t\t<div class=\"e-con-inner\">\n\t\t\t\t<div class=\"elementor-element elementor-element-025036b elementor-widget elementor-widget-heading\" data-id=\"025036b\" data-element_type=\"widget\" data-widget_type=\"heading.default\">\n\t\t\t\t<div class=\"elementor-widget-container\">\n\t\t\t\t\t<h2 class=\"elementor-heading-title elementor-size-default\"><span>Together<\/span> against childhood cancer.<\/h2>\t\t\t\t<\/div>\n\t\t\t\t<\/div>\n\t\t\t\t\t<\/div>\n\t\t\t\t<\/div>\n\t\t<div class=\"elementor-element elementor-element-a74a7da e-flex e-con-boxed e-con e-child\" data-id=\"a74a7da\" data-element_type=\"container\">\n\t\t\t\t\t<div class=\"e-con-inner\">\n\t\t\t\t<div class=\"elementor-element elementor-element-df8e447 elementor-widget__width-initial elementor-widget elementor-widget-text-editor\" data-id=\"df8e447\" data-element_type=\"widget\" data-widget_type=\"text-editor.default\">\n\t\t\t\t<div class=\"elementor-widget-container\">\n\t\t\t\t\t\t\t\t\t<p><strong>Since 2013, Zo\u00e94life has been supporting children with cancer, their families, and research.<\/strong><\/p><p>The Zo\u00e94life association was set up to help Zo\u00e9, a little girl like no other. Zo\u00e9 was diagnosed with a rare childhood cancer, called neuroblastoma. She fought the disease for the rest of her life.<\/p>\t\t\t\t\t\t\t\t<\/div>\n\t\t\t\t<\/div>\n\t\t\t\t<div class=\"elementor-element elementor-element-0793db4 elementor-widget elementor-widget-button\" data-id=\"0793db4\" data-element_type=\"widget\" data-widget_type=\"button.default\">\n\t\t\t\t<div class=\"elementor-widget-container\">\n\t\t\t\t\t\t\t\t\t<div class=\"elementor-button-wrapper\">\n\t\t\t\t\t<a class=\"elementor-button elementor-button-link elementor-size-sm\" href=\"https:\/\/zoe4life.org\/en\/zoes-story\/\">\n\t\t\t\t\t\t<span class=\"elementor-button-content-wrapper\">\n\t\t\t\t\t\t\t\t\t<span class=\"elementor-button-text\">Read more<\/span>\n\t\t\t\t\t<\/span>\n\t\t\t\t\t<\/a>\n\t\t\t\t<\/div>\n\t\t\t\t\t\t\t\t<\/div>\n\t\t\t\t<\/div>\n\t\t\t\t\t<\/div>\n\t\t\t\t<\/div>\n\t\t\t\t\t<\/div>\n\t\t\t\t<\/div>\n\t\t<div class=\"elementor-element elementor-element-5b3dedb e-flex e-con-boxed e-con e-parent\" data-id=\"5b3dedb\" data-element_type=\"container\">\n\t\t\t\t\t<div class=\"e-con-inner\">\n\t\t<div class=\"elementor-element elementor-element-27990f5 e-con-full e-flex e-con e-child\" data-id=\"27990f5\" data-element_type=\"container\">\n\t\t\t\t<div class=\"elementor-element elementor-element-40e7e92 elementor-widget elementor-widget-image\" data-id=\"40e7e92\" data-element_type=\"widget\" data-widget_type=\"image.default\">\n\t\t\t\t<div class=\"elementor-widget-container\">\n\t\t\t\t\t\t\t\t\t\t\t\t\t\t\t\t<a href=\"https:\/\/zoe4life.org\/en\/runday4life\/\">\n\t\t\t\t\t\t\t<img fetchpriority=\"high\" decoding=\"async\" width=\"1440\" height=\"480\" src=\"https:\/\/zoe4life.org\/wp-content\/uploads\/2026\/04\/RunDay4life-banner-swissrunning.png\" class=\"attachment-1536x1536 size-1536x1536 wp-image-12735\" alt=\"\" srcset=\"https:\/\/zoe4life.org\/wp-content\/uploads\/2026\/04\/RunDay4life-banner-swissrunning.png 1440w, https:\/\/zoe4life.org\/wp-content\/uploads\/2026\/04\/RunDay4life-banner-swissrunning-300x100.png 300w, https:\/\/zoe4life.org\/wp-content\/uploads\/2026\/04\/RunDay4life-banner-swissrunning-1024x341.png 1024w, https:\/\/zoe4life.org\/wp-content\/uploads\/2026\/04\/RunDay4life-banner-swissrunning-768x256.png 768w, https:\/\/zoe4life.org\/wp-content\/uploads\/2026\/04\/RunDay4life-banner-swissrunning-18x6.png 18w\" sizes=\"(max-width: 1440px) 100vw, 1440px\" \/>\t\t\t\t\t\t\t\t<\/a>\n\t\t\t\t\t\t\t\t\t\t\t\t\t\t\t<\/div>\n\t\t\t\t<\/div>\n\t\t\t\t<\/div>\n\t\t\t\t\t<\/div>\n\t\t\t\t<\/div>\n\t\t<div class=\"elementor-element elementor-element-7796661 e-flex e-con-boxed e-con e-parent\" data-id=\"7796661\" data-element_type=\"container\" data-settings=\"{&quot;background_background&quot;:&quot;classic&quot;}\">\n\t\t\t\t\t<div class=\"e-con-inner\">\n\t\t\t\t<div class=\"elementor-element elementor-element-a099d52 elementor-widget__width-auto elementor-widget elementor-widget-heading\" data-id=\"a099d52\" data-element_type=\"widget\" data-widget_type=\"heading.default\">\n\t\t\t\t<div class=\"elementor-widget-container\">\n\t\t\t\t\t<h2 class=\"elementor-heading-title elementor-size-default\"><a href=\"https:\/\/zoe4life.org\/en\/our-goals\/\">Our goals<\/a><\/h2>\t\t\t\t<\/div>\n\t\t\t\t<\/div>\n\t\t<div class=\"elementor-element elementor-element-2cf3caa e-flex e-con-boxed e-con e-child\" data-id=\"2cf3caa\" data-element_type=\"container\">\n\t\t\t\t\t<div class=\"e-con-inner\">\n\t\t<div class=\"elementor-element elementor-element-7e79524 e-flex e-con-boxed e-con e-child\" data-id=\"7e79524\" data-element_type=\"container\">\n\t\t\t\t\t<div class=\"e-con-inner\">\n\t\t\t\t<div class=\"elementor-element elementor-element-d6203c0 elementor-align-center elementor-widget elementor-widget-button\" data-id=\"d6203c0\" data-element_type=\"widget\" data-widget_type=\"button.default\">\n\t\t\t\t<div class=\"elementor-widget-container\">\n\t\t\t\t\t\t\t\t\t<div class=\"elementor-button-wrapper\">\n\t\t\t\t\t<a class=\"elementor-button elementor-button-link elementor-size-sm\" href=\"https:\/\/zoe4life.org\/en\/family-support\/\">\n\t\t\t\t\t\t<span class=\"elementor-button-content-wrapper\">\n\t\t\t\t\t\t\t\t\t<span class=\"elementor-button-text\">Family support<\/span>\n\t\t\t\t\t<\/span>\n\t\t\t\t\t<\/a>\n\t\t\t\t<\/div>\n\t\t\t\t\t\t\t\t<\/div>\n\t\t\t\t<\/div>\n\t\t\t\t\t<\/div>\n\t\t\t\t<\/div>\n\t\t<div class=\"elementor-element elementor-element-32edb73 e-flex e-con-boxed e-con e-child\" data-id=\"32edb73\" data-element_type=\"container\">\n\t\t\t\t\t<div class=\"e-con-inner\">\n\t\t\t\t<div class=\"elementor-element elementor-element-86a39d1 elementor-align-center elementor-widget elementor-widget-button\" data-id=\"86a39d1\" data-element_type=\"widget\" data-widget_type=\"button.default\">\n\t\t\t\t<div class=\"elementor-widget-container\">\n\t\t\t\t\t\t\t\t\t<div class=\"elementor-button-wrapper\">\n\t\t\t\t\t<a class=\"elementor-button elementor-button-link elementor-size-sm\" href=\"https:\/\/zoe4life.org\/en\/research-and-new-treatments\/\">\n\t\t\t\t\t\t<span class=\"elementor-button-content-wrapper\">\n\t\t\t\t\t\t\t\t\t<span class=\"elementor-button-text\">Research support<\/span>\n\t\t\t\t\t<\/span>\n\t\t\t\t\t<\/a>\n\t\t\t\t<\/div>\n\t\t\t\t\t\t\t\t<\/div>\n\t\t\t\t<\/div>\n\t\t\t\t\t<\/div>\n\t\t\t\t<\/div>\n\t\t<div class=\"elementor-element elementor-element-8b5a731 e-flex e-con-boxed e-con e-child\" data-id=\"8b5a731\" data-element_type=\"container\">\n\t\t\t\t\t<div class=\"e-con-inner\">\n\t\t\t\t<div class=\"elementor-element elementor-element-1475cb0 elementor-align-center elementor-widget elementor-widget-button\" data-id=\"1475cb0\" data-element_type=\"widget\" data-widget_type=\"button.default\">\n\t\t\t\t<div class=\"elementor-widget-container\">\n\t\t\t\t\t\t\t\t\t<div class=\"elementor-button-wrapper\">\n\t\t\t\t\t<a class=\"elementor-button elementor-button-link elementor-size-sm\" href=\"https:\/\/zoe4life.org\/en\/projects-for-children\/\">\n\t\t\t\t\t\t<span class=\"elementor-button-content-wrapper\">\n\t\t\t\t\t\t\t\t\t<span class=\"elementor-button-text\">Projects for children<\/span>\n\t\t\t\t\t<\/span>\n\t\t\t\t\t<\/a>\n\t\t\t\t<\/div>\n\t\t\t\t\t\t\t\t<\/div>\n\t\t\t\t<\/div>\n\t\t\t\t\t<\/div>\n\t\t\t\t<\/div>\n\t\t<div class=\"elementor-element elementor-element-786b166 e-flex e-con-boxed e-con e-child\" data-id=\"786b166\" data-element_type=\"container\">\n\t\t\t\t\t<div class=\"e-con-inner\">\n\t\t\t\t<div class=\"elementor-element elementor-element-95726a6 elementor-align-center elementor-widget elementor-widget-button\" data-id=\"95726a6\" data-element_type=\"widget\" data-widget_type=\"button.default\">\n\t\t\t\t<div class=\"elementor-widget-container\">\n\t\t\t\t\t\t\t\t\t<div class=\"elementor-button-wrapper\">\n\t\t\t\t\t<a class=\"elementor-button elementor-button-link elementor-size-sm\" href=\"https:\/\/zoe4life.org\/en\/awareness\/\">\n\t\t\t\t\t\t<span class=\"elementor-button-content-wrapper\">\n\t\t\t\t\t\t\t\t\t<span class=\"elementor-button-text\">Awareness<\/span>\n\t\t\t\t\t<\/span>\n\t\t\t\t\t<\/a>\n\t\t\t\t<\/div>\n\t\t\t\t\t\t\t\t<\/div>\n\t\t\t\t<\/div>\n\t\t\t\t\t<\/div>\n\t\t\t\t<\/div>\n\t\t\t\t\t<\/div>\n\t\t\t\t<\/div>\n\t\t\t\t\t<\/div>\n\t\t\t\t<\/div>\n\t\t<div class=\"elementor-element elementor-element-0152f4b e-flex e-con-boxed e-con e-parent\" data-id=\"0152f4b\" data-element_type=\"container\" data-settings=\"{&quot;background_background&quot;:&quot;classic&quot;}\">\n\t\t\t\t\t<div class=\"e-con-inner\">\n\t\t<div class=\"elementor-element elementor-element-f52437e e-flex e-con-boxed e-con e-child\" data-id=\"f52437e\" data-element_type=\"container\">\n\t\t\t\t\t<div class=\"e-con-inner\">\n\t\t\t\t<div class=\"elementor-element elementor-element-3cd8a10 elementor-widget elementor-widget-heading\" data-id=\"3cd8a10\" data-element_type=\"widget\" data-widget_type=\"heading.default\">\n\t\t\t\t<div class=\"elementor-widget-container\">\n\t\t\t\t\t<h3 class=\"elementor-heading-title elementor-size-default\">For families<\/h3>\t\t\t\t<\/div>\n\t\t\t\t<\/div>\n\t\t\t\t<div class=\"elementor-element elementor-element-d6bd29e elementor-widget elementor-widget-text-editor\" data-id=\"d6bd29e\" data-element_type=\"widget\" data-widget_type=\"text-editor.default\">\n\t\t\t\t<div class=\"elementor-widget-container\">\n\t\t\t\t\t\t\t\t\t<ul><li><span style=\"color: #1f3664;\"><a style=\"color: #1f3664;\" href=\"https:\/\/zoe4life.org\/en\/projects-for-children\/\"><span style=\"text-decoration: underline;\">Projects for children<\/span><\/a><\/span><\/li><li><span style=\"color: #1f3664;\"><a style=\"color: #1f3664;\" href=\"https:\/\/zoe4life.org\/en\/family-support\/\"><span style=\"text-decoration: underline;\">Family support<\/span><\/a><\/span><\/li><li><span style=\"color: #1f3664;\"><a style=\"color: #1f3664;\" href=\"https:\/\/zoe4life.org\/en\/research-and-new-treatments\/\"><span style=\"text-decoration: underline;\">Research and treatment projects<\/span><\/a><\/span><\/li><li><span style=\"color: #1f3664;\"><a style=\"color: #1f3664;\" href=\"https:\/\/zoe4life.org\/en\/blog\/?e-filter-d541d1f-category=temoignages\"><span style=\"text-decoration: underline;\">Testimonials<\/span><\/a><\/span><\/li><\/ul>\t\t\t\t\t\t\t\t<\/div>\n\t\t\t\t<\/div>\n\t\t\t\t\t<\/div>\n\t\t\t\t<\/div>\n\t\t<div class=\"elementor-element elementor-element-9d4d85a e-flex e-con-boxed e-con e-child\" data-id=\"9d4d85a\" data-element_type=\"container\">\n\t\t\t\t\t<div class=\"e-con-inner\">\n\t\t\t\t<div class=\"elementor-element elementor-element-baa4997 elementor-widget elementor-widget-heading\" data-id=\"baa4997\" data-element_type=\"widget\" data-widget_type=\"heading.default\">\n\t\t\t\t<div class=\"elementor-widget-container\">\n\t\t\t\t\t<h3 class=\"elementor-heading-title elementor-size-default\">For donors<\/h3>\t\t\t\t<\/div>\n\t\t\t\t<\/div>\n\t\t\t\t<div class=\"elementor-element elementor-element-6899229 elementor-widget elementor-widget-text-editor\" data-id=\"6899229\" data-element_type=\"widget\" data-widget_type=\"text-editor.default\">\n\t\t\t\t<div class=\"elementor-widget-container\">\n\t\t\t\t\t\t\t\t\t<ul><li><span style=\"color: #1f3664;\"><a style=\"color: #1f3664;\" href=\"https:\/\/zoe4life.org\/en\/awareness\/\"><span style=\"text-decoration: underline;\">Our awareness campaigns<\/span><\/a><\/span><\/li><li><span style=\"color: #1f3664;\"><a style=\"color: #1f3664;\" href=\"https:\/\/zoe4life.org\/en\/blog\/?e-filter-d541d1f-category=temoignages\"><span style=\"text-decoration: underline;\">Testimonials<\/span><\/a><\/span><\/li><li><span style=\"color: #1f3664;\"><a style=\"color: #1f3664;\" href=\"https:\/\/drive.google.com\/drive\/u\/1\/folders\/1P_2iw8c4ICQTnwIM931-8KOqt4ty5Ty-\" target=\"_blank\" rel=\"noopener\"><span style=\"text-decoration: underline;\">Activity report<\/span><\/a><\/span><\/li><li><span style=\"text-decoration: underline;\"><a href=\"https:\/\/zoe4life.org\/en\/our-partners-2\/\"><span style=\"color: #1f3664; text-decoration: underline;\">Club des Z'amis\u00a0<\/span><\/a><\/span><\/li><\/ul>\t\t\t\t\t\t\t\t<\/div>\n\t\t\t\t<\/div>\n\t\t\t\t\t<\/div>\n\t\t\t\t<\/div>\n\t\t<div class=\"elementor-element elementor-element-a4064b9 e-flex e-con-boxed e-con e-child\" data-id=\"a4064b9\" data-element_type=\"container\">\n\t\t\t\t\t<div class=\"e-con-inner\">\n\t\t\t\t<div class=\"elementor-element elementor-element-5b61555 elementor-widget elementor-widget-heading\" data-id=\"5b61555\" data-element_type=\"widget\" data-widget_type=\"heading.default\">\n\t\t\t\t<div class=\"elementor-widget-container\">\n\t\t\t\t\t<h3 class=\"elementor-heading-title elementor-size-default\">For companies<\/h3>\t\t\t\t<\/div>\n\t\t\t\t<\/div>\n\t\t\t\t<div class=\"elementor-element elementor-element-d554b25 elementor-widget elementor-widget-text-editor\" data-id=\"d554b25\" data-element_type=\"widget\" data-widget_type=\"text-editor.default\">\n\t\t\t\t<div class=\"elementor-widget-container\">\n\t\t\t\t\t\t\t\t\t<ul><li><span style=\"text-decoration: underline;\"><span style=\"color: #013171;\"><a style=\"color: #013171; text-decoration: underline;\" href=\"https:\/\/zoe4life.org\/en\/our-partners-3\/\">Join the Club des Z'entrepreneurs<\/a><\/span><\/span><\/li><li><span style=\"color: #1f3664;\"><a style=\"color: #1f3664;\" href=\"https:\/\/zoe4life.org\/en\/our-partners\/\"><span style=\"text-decoration: underline;\">Support us<\/span><\/a><\/span><\/li><li><span style=\"color: #1f3664;\"><a style=\"color: #1f3664;\" href=\"https:\/\/drive.google.com\/drive\/u\/1\/folders\/1P_2iw8c4ICQTnwIM931-8KOqt4ty5Ty-\" target=\"_blank\" rel=\"noopener\"><span style=\"text-decoration: underline;\">Activity reports<\/span><\/a><\/span><\/li><li><span style=\"color: #1f3664;\"><a style=\"color: #1f3664;\" href=\"https:\/\/zoe4life.org\/en\/our-partners\/#partenaires\" rel=\"noopener\"><span style=\"text-decoration: underline;\">Support from corporate partners<\/span><\/a><\/span><\/li><\/ul>\t\t\t\t\t\t\t\t<\/div>\n\t\t\t\t<\/div>\n\t\t\t\t\t<\/div>\n\t\t\t\t<\/div>\n\t\t\t\t\t<\/div>\n\t\t\t\t<\/div>\n\t\t\t\t<\/div>","protected":false},"excerpt":{"rendered":"<p>Together against childhood cancer. Since 2013, Zo\u00e94life has been supporting children with cancer, their families and research. The Zo\u00e94life association was created in 2013 to help Zo\u00e9, a little girl like no other. Zo\u00e9 was diagnosed with childhood cancer, neuroblastoma. She will fight against this disease for the rest of her [...].<\/p>","protected":false},"author":2,"featured_media":5688,"parent":0,"menu_order":0,"comment_status":"closed","ping_status":"closed","template":"","meta":{"_acf_changed":false,"footnotes":""},"class_list":["post-15","page","type-page","status-publish","has-post-thumbnail","hentry"],"acf":[],"yoast_head":"<!-- This site is optimized with the Yoast SEO plugin v26.6 - https:\/\/yoast.com\/wordpress\/plugins\/seo\/ -->\n<title>Zo\u00e94life - Ensemble contre le cancer de l&#039;enfant<\/title>\n<meta name=\"description\" content=\"Zo\u00e94life soutient les enfants atteints de cancer, leurs familles et la recherche. L\u2019association est n\u00e9e en 2013 afin d\u2019aider Zo\u00e9...\" \/>\n<meta name=\"robots\" content=\"index, follow, max-snippet:-1, max-image-preview:large, max-video-preview:-1\" \/>\n<link rel=\"canonical\" href=\"https:\/\/zoe4life.org\/en\/\" \/>\n<meta property=\"og:locale\" content=\"en_US\" \/>\n<meta property=\"og:type\" content=\"article\" \/>\n<meta property=\"og:title\" content=\"Zo\u00e94life - Ensemble contre le cancer de l&#039;enfant\" \/>\n<meta property=\"og:description\" content=\"Zo\u00e94life soutient les enfants atteints de cancer, leurs familles et la recherche. L\u2019association est n\u00e9e en 2013 afin d\u2019aider Zo\u00e9...\" \/>\n<meta property=\"og:url\" content=\"https:\/\/zoe4life.org\/en\/\" \/>\n<meta property=\"og:site_name\" content=\"Zo\u00e94life\" \/>\n<meta property=\"article:publisher\" content=\"https:\/\/www.facebook.com\/zoe4lifeCH\" \/>\n<meta property=\"article:modified_time\" content=\"2026-04-05T13:36:26+00:00\" \/>\n<meta property=\"og:image\" content=\"https:\/\/zoe4life.org\/wp-content\/uploads\/2024\/01\/Logo-Full.png\" \/>\n\t<meta property=\"og:image:width\" content=\"711\" \/>\n\t<meta property=\"og:image:height\" content=\"711\" \/>\n\t<meta property=\"og:image:type\" content=\"image\/png\" \/>\n<meta name=\"twitter:card\" content=\"summary_large_image\" \/>\n<meta name=\"twitter:site\" content=\"@zoe44life\" \/>\n<meta name=\"twitter:label1\" content=\"Est. reading time\" \/>\n\t<meta name=\"twitter:data1\" content=\"1 minute\" \/>\n<script type=\"application\/ld+json\" class=\"yoast-schema-graph\">{\"@context\":\"https:\/\/schema.org\",\"@graph\":[{\"@type\":\"WebPage\",\"@id\":\"https:\/\/zoe4life.org\/\",\"url\":\"https:\/\/zoe4life.org\/\",\"name\":\"Zo\u00e94life - Ensemble contre le cancer de l'enfant\",\"isPartOf\":{\"@id\":\"https:\/\/zoe4life.org\/#website\"},\"primaryImageOfPage\":{\"@id\":\"https:\/\/zoe4life.org\/#primaryimage\"},\"image\":{\"@id\":\"https:\/\/zoe4life.org\/#primaryimage\"},\"thumbnailUrl\":\"https:\/\/zoe4life.org\/wp-content\/uploads\/2024\/01\/Logo-Full.png\",\"datePublished\":\"2023-08-18T12:07:32+00:00\",\"dateModified\":\"2026-04-05T13:36:26+00:00\",\"description\":\"Zo\u00e94life soutient les enfants atteints de cancer, leurs familles et la recherche. L\u2019association est n\u00e9e en 2013 afin d\u2019aider Zo\u00e9...\",\"breadcrumb\":{\"@id\":\"https:\/\/zoe4life.org\/#breadcrumb\"},\"inLanguage\":\"en-US\",\"potentialAction\":[{\"@type\":\"ReadAction\",\"target\":[\"https:\/\/zoe4life.org\/\"]}]},{\"@type\":\"ImageObject\",\"inLanguage\":\"en-US\",\"@id\":\"https:\/\/zoe4life.org\/#primaryimage\",\"url\":\"https:\/\/zoe4life.org\/wp-content\/uploads\/2024\/01\/Logo-Full.png\",\"contentUrl\":\"https:\/\/zoe4life.org\/wp-content\/uploads\/2024\/01\/Logo-Full.png\",\"width\":711,\"height\":711,\"caption\":\"Zo\u00e94life association cancer p\u00e9diatrique\"},{\"@type\":\"BreadcrumbList\",\"@id\":\"https:\/\/zoe4life.org\/#breadcrumb\",\"itemListElement\":[{\"@type\":\"ListItem\",\"position\":1,\"name\":\"Accueil\",\"item\":\"https:\/\/zoe4life.org\/\"},{\"@type\":\"ListItem\",\"position\":2,\"name\":\"Accueil\"}]},{\"@type\":\"WebSite\",\"@id\":\"https:\/\/zoe4life.org\/#website\",\"url\":\"https:\/\/zoe4life.org\/\",\"name\":\"Zo\u00e94Life\",\"description\":\"Ensemble contre le cancer de l&#039;enfant avec l&#039;association Zo\u00e94life\",\"publisher\":{\"@id\":\"https:\/\/zoe4life.org\/#organization\"},\"potentialAction\":[{\"@type\":\"SearchAction\",\"target\":{\"@type\":\"EntryPoint\",\"urlTemplate\":\"https:\/\/zoe4life.org\/?s={search_term_string}\"},\"query-input\":{\"@type\":\"PropertyValueSpecification\",\"valueRequired\":true,\"valueName\":\"search_term_string\"}}],\"inLanguage\":\"en-US\"},{\"@type\":\"Organization\",\"@id\":\"https:\/\/zoe4life.org\/#organization\",\"name\":\"Zo\u00e94Life\",\"url\":\"https:\/\/zoe4life.org\/\",\"logo\":{\"@type\":\"ImageObject\",\"inLanguage\":\"en-US\",\"@id\":\"https:\/\/zoe4life.org\/#\/schema\/logo\/image\/\",\"url\":\"https:\/\/zoe4life.org\/wp-content\/uploads\/2023\/08\/logo-full-zoe4life.png\",\"contentUrl\":\"https:\/\/zoe4life.org\/wp-content\/uploads\/2023\/08\/logo-full-zoe4life.png\",\"width\":600,\"height\":668,\"caption\":\"Zo\u00e94Life\"},\"image\":{\"@id\":\"https:\/\/zoe4life.org\/#\/schema\/logo\/image\/\"},\"sameAs\":[\"https:\/\/www.facebook.com\/zoe4lifeCH\",\"https:\/\/x.com\/zoe44life\",\"https:\/\/instagram.com\/zoe_4_life\/\",\"https:\/\/www.linkedin.com\/company\/zoe4life\",\"https:\/\/www.youtube.com\/channel\/UC5nG2HheLJVOlz4c3K30XRA\",\"https:\/\/www.pinterest.ch\/zo4life\/\"]}]}<\/script>\n<!-- \/ Yoast SEO plugin. -->","yoast_head_json":{"title":"Zo\u00e94life - Together against childhood cancer","description":"Zo\u00e94life supports children with cancer, their families and research. The association was created in 2013 to help Zo\u00e9...","robots":{"index":"index","follow":"follow","max-snippet":"max-snippet:-1","max-image-preview":"max-image-preview:large","max-video-preview":"max-video-preview:-1"},"canonical":"https:\/\/zoe4life.org\/en\/","og_locale":"en_US","og_type":"article","og_title":"Zo\u00e94life - Ensemble contre le cancer de l'enfant","og_description":"Zo\u00e94life soutient les enfants atteints de cancer, leurs familles et la recherche. L\u2019association est n\u00e9e en 2013 afin d\u2019aider Zo\u00e9...","og_url":"https:\/\/zoe4life.org\/en\/","og_site_name":"Zo\u00e94life","article_publisher":"https:\/\/www.facebook.com\/zoe4lifeCH","article_modified_time":"2026-04-05T13:36:26+00:00","og_image":[{"width":711,"height":711,"url":"https:\/\/zoe4life.org\/wp-content\/uploads\/2024\/01\/Logo-Full.png","type":"image\/png"}],"twitter_card":"summary_large_image","twitter_site":"@zoe44life","twitter_misc":{"Est. reading time":"1 minute"},"schema":{"@context":"https:\/\/schema.org","@graph":[{"@type":"WebPage","@id":"https:\/\/zoe4life.org\/","url":"https:\/\/zoe4life.org\/","name":"Zo\u00e94life - Together against childhood cancer","isPartOf":{"@id":"https:\/\/zoe4life.org\/#website"},"primaryImageOfPage":{"@id":"https:\/\/zoe4life.org\/#primaryimage"},"image":{"@id":"https:\/\/zoe4life.org\/#primaryimage"},"thumbnailUrl":"https:\/\/zoe4life.org\/wp-content\/uploads\/2024\/01\/Logo-Full.png","datePublished":"2023-08-18T12:07:32+00:00","dateModified":"2026-04-05T13:36:26+00:00","description":"Zo\u00e94life supports children with cancer, their families and research. The association was created in 2013 to help Zo\u00e9...","breadcrumb":{"@id":"https:\/\/zoe4life.org\/#breadcrumb"},"inLanguage":"en-US","potentialAction":[{"@type":"ReadAction","target":["https:\/\/zoe4life.org\/"]}]},{"@type":"ImageObject","inLanguage":"en-US","@id":"https:\/\/zoe4life.org\/#primaryimage","url":"https:\/\/zoe4life.org\/wp-content\/uploads\/2024\/01\/Logo-Full.png","contentUrl":"https:\/\/zoe4life.org\/wp-content\/uploads\/2024\/01\/Logo-Full.png","width":711,"height":711,"caption":"Zo\u00e94life association cancer p\u00e9diatrique"},{"@type":"BreadcrumbList","@id":"https:\/\/zoe4life.org\/#breadcrumb","itemListElement":[{"@type":"ListItem","position":1,"name":"Accueil","item":"https:\/\/zoe4life.org\/"},{"@type":"ListItem","position":2,"name":"Accueil"}]},{"@type":"WebSite","@id":"https:\/\/zoe4life.org\/#website","url":"https:\/\/zoe4life.org\/","name":"Zo\u00e94Life","description":"Ensemble contre le cancer de l&#039;enfant avec l&#039;association Zo\u00e94life","publisher":{"@id":"https:\/\/zoe4life.org\/#organization"},"potentialAction":[{"@type":"SearchAction","target":{"@type":"EntryPoint","urlTemplate":"https:\/\/zoe4life.org\/?s={search_term_string}"},"query-input":{"@type":"PropertyValueSpecification","valueRequired":true,"valueName":"search_term_string"}}],"inLanguage":"en-US"},{"@type":"Organization","@id":"https:\/\/zoe4life.org\/#organization","name":"Zo\u00e94Life","url":"https:\/\/zoe4life.org\/","logo":{"@type":"ImageObject","inLanguage":"en-US","@id":"https:\/\/zoe4life.org\/#\/schema\/logo\/image\/","url":"https:\/\/zoe4life.org\/wp-content\/uploads\/2023\/08\/logo-full-zoe4life.png","contentUrl":"https:\/\/zoe4life.org\/wp-content\/uploads\/2023\/08\/logo-full-zoe4life.png","width":600,"height":668,"caption":"Zo\u00e94Life"},"image":{"@id":"https:\/\/zoe4life.org\/#\/schema\/logo\/image\/"},"sameAs":["https:\/\/www.facebook.com\/zoe4lifeCH","https:\/\/x.com\/zoe44life","https:\/\/instagram.com\/zoe_4_life\/","https:\/\/www.linkedin.com\/company\/zoe4life","https:\/\/www.youtube.com\/channel\/UC5nG2HheLJVOlz4c3K30XRA","https:\/\/www.pinterest.ch\/zo4life\/"]}]}},"post_mailing_queue_ids":[],"_links":{"self":[{"href":"https:\/\/zoe4life.org\/en\/wp-json\/wp\/v2\/pages\/15","targetHints":{"allow":["GET"]}}],"collection":[{"href":"https:\/\/zoe4life.org\/en\/wp-json\/wp\/v2\/pages"}],"about":[{"href":"https:\/\/zoe4life.org\/en\/wp-json\/wp\/v2\/types\/page"}],"author":[{"embeddable":true,"href":"https:\/\/zoe4life.org\/en\/wp-json\/wp\/v2\/users\/2"}],"replies":[{"embeddable":true,"href":"https:\/\/zoe4life.org\/en\/wp-json\/wp\/v2\/comments?post=15"}],"version-history":[{"count":305,"href":"https:\/\/zoe4life.org\/en\/wp-json\/wp\/v2\/pages\/15\/revisions"}],"predecessor-version":[{"id":12745,"href":"https:\/\/zoe4life.org\/en\/wp-json\/wp\/v2\/pages\/15\/revisions\/12745"}],"wp:featuredmedia":[{"embeddable":true,"href":"https:\/\/zoe4life.org\/en\/wp-json\/wp\/v2\/media\/5688"}],"wp:attachment":[{"href":"https:\/\/zoe4life.org\/en\/wp-json\/wp\/v2\/media?parent=15"}],"curies":[{"name":"wp","href":"https:\/\/api.w.org\/{rel}","templated":true}]}}